{"id":80,"date":"2024-08-24T16:32:30","date_gmt":"2024-08-24T13:32:30","guid":{"rendered":"https:\/\/www.alluharrastaa.com\/blog\/?page_id=80"},"modified":"2025-08-17T18:04:21","modified_gmt":"2025-08-17T15:04:21","slug":"info","status":"publish","type":"page","link":"https:\/\/www.alluharrastaa.com\/blog\/info\/","title":{"rendered":"info"},"content":{"rendered":"\n<p class=\"has-medium-font-size\" style=\"text-transform:none\">Allu harrastaa -blogi sai alkunsa vuonna 2016. Alun perin tarkoituksena oli kirjoitella sekalaisista aiheista vaelluksen, retkeilyn ja valokuvauksen maailmasta. Ajatuksena oli my\u00f6s koota yhteen ja saattaa digitaaliseen muotoon vaelluksilta tekemi\u00e4ni muistiinpanoja. Omaksi iloksi ja muillekin vinkeiksi.<\/p>\n\n\n\n<p class=\"has-medium-font-size\" style=\"text-transform:none\">Pian homma kuitenkin kehittyi pitkien vaelluskertomusten julkaisemiseksi. Pitki\u00e4, useamman p\u00e4iv\u00e4n vaelluksia on kertynyt yli 20, eik\u00e4 loppua n\u00e4y. Ensimm\u00e4isen yksinvaellukseni tein vuonna 2016. Sen j\u00e4lkeen olen enenev\u00e4ss\u00e4 m\u00e4\u00e4rin vaeltanut yksin ja alkanut nauttia siit\u00e4 entist\u00e4 enemm\u00e4n.<\/p>\n\n\n\n<figure class=\"wp-block-gallery has-nested-images columns-2 is-cropped wp-block-gallery-1 is-layout-flex wp-block-gallery-is-layout-flex\">\n<figure class=\"wp-block-image size-large\"><img loading=\"lazy\" decoding=\"async\" width=\"1024\" height=\"683\" data-id=\"246\" src=\"https:\/\/www.alluharrastaa.com\/blog\/wp-content\/uploads\/2025\/07\/vlcsnap-2024-04-09-18h10m06s838-1-1024x683.jpg\" alt=\"\" class=\"wp-image-246\" srcset=\"https:\/\/www.alluharrastaa.com\/blog\/wp-content\/uploads\/2025\/07\/vlcsnap-2024-04-09-18h10m06s838-1-1024x683.jpg 1024w, https:\/\/www.alluharrastaa.com\/blog\/wp-content\/uploads\/2025\/07\/vlcsnap-2024-04-09-18h10m06s838-1-300x200.jpg 300w, https:\/\/www.alluharrastaa.com\/blog\/wp-content\/uploads\/2025\/07\/vlcsnap-2024-04-09-18h10m06s838-1-768x512.jpg 768w, https:\/\/www.alluharrastaa.com\/blog\/wp-content\/uploads\/2025\/07\/vlcsnap-2024-04-09-18h10m06s838-1-1536x1024.jpg 1536w, https:\/\/www.alluharrastaa.com\/blog\/wp-content\/uploads\/2025\/07\/vlcsnap-2024-04-09-18h10m06s838-1-rotated.jpg 2020w\" sizes=\"auto, (max-width: 1024px) 100vw, 1024px\" \/><\/figure>\n\n\n\n<figure class=\"wp-block-image size-large\"><img loading=\"lazy\" decoding=\"async\" width=\"1024\" height=\"683\" data-id=\"243\" src=\"https:\/\/www.alluharrastaa.com\/blog\/wp-content\/uploads\/2025\/07\/043A0111-1-1024x683.jpg\" alt=\"\" class=\"wp-image-243\" srcset=\"https:\/\/www.alluharrastaa.com\/blog\/wp-content\/uploads\/2025\/07\/043A0111-1-1024x683.jpg 1024w, https:\/\/www.alluharrastaa.com\/blog\/wp-content\/uploads\/2025\/07\/043A0111-1-300x200.jpg 300w, https:\/\/www.alluharrastaa.com\/blog\/wp-content\/uploads\/2025\/07\/043A0111-1-768x512.jpg 768w, https:\/\/www.alluharrastaa.com\/blog\/wp-content\/uploads\/2025\/07\/043A0111-1-1536x1024.jpg 1536w, https:\/\/www.alluharrastaa.com\/blog\/wp-content\/uploads\/2025\/07\/043A0111-1.jpg 2025w\" sizes=\"auto, (max-width: 1024px) 100vw, 1024px\" \/><\/figure>\n<\/figure>\n\n\n\n<p class=\"has-medium-font-size\" style=\"text-transform:none\">Pyrin dokumentoimaan vaelluksiani yksityiskohtaisesti. Tarkoitus on, ett\u00e4 tietoja esimerkiksi maastosta, vesist\u00f6jen ylityksist\u00e4 ja kulkuyhteyksist\u00e4 voi hy\u00f6dynt\u00e4\u00e4, kun reissuja suunnittelee. Pyrin my\u00f6s kuvaamaan reissuja autenttisesti, liikaa silottelematta. Hiki ja rasitus saa n\u00e4ky\u00e4 ja v\u00e4litty\u00e4. Vaeltamisen todellisuus ei nimitt\u00e4in ole aina kiiltokuvaa. <\/p>\n\n\n\n<p class=\"has-medium-font-size\" style=\"text-transform:none\">Nykyiselle alluharrastaa-sivustolle olen koonnut vaelluskertomusten lis\u00e4ksi tietoja varusteista, retkiruuasta ja itse\u00e4ni kiinnostavasta teemasta, eli autiotuvista ja muista er\u00e4maiden k\u00e4mpist\u00e4. Ehk\u00e4 tulevaisuudessa sivustolta l\u00f6ytyy jotain muutakin vaellus- ja valokuvausteemaista, aika n\u00e4ytt\u00e4\u00e4!<\/p>\n\n\n\n<figure class=\"wp-block-gallery has-nested-images columns-default is-cropped wp-block-gallery-2 is-layout-flex wp-block-gallery-is-layout-flex\">\n<figure class=\"wp-block-image size-large\"><img loading=\"lazy\" decoding=\"async\" width=\"1024\" height=\"683\" data-id=\"247\" src=\"https:\/\/www.alluharrastaa.com\/blog\/wp-content\/uploads\/2025\/07\/043A6264-1-1024x683.jpg\" alt=\"\" class=\"wp-image-247\" srcset=\"https:\/\/www.alluharrastaa.com\/blog\/wp-content\/uploads\/2025\/07\/043A6264-1-1024x683.jpg 1024w, https:\/\/www.alluharrastaa.com\/blog\/wp-content\/uploads\/2025\/07\/043A6264-1-300x200.jpg 300w, https:\/\/www.alluharrastaa.com\/blog\/wp-content\/uploads\/2025\/07\/043A6264-1-768x512.jpg 768w, https:\/\/www.alluharrastaa.com\/blog\/wp-content\/uploads\/2025\/07\/043A6264-1-1536x1024.jpg 1536w, https:\/\/www.alluharrastaa.com\/blog\/wp-content\/uploads\/2025\/07\/043A6264-1-2048x1365.jpg 2048w\" sizes=\"auto, (max-width: 1024px) 100vw, 1024px\" \/><\/figure>\n\n\n\n<figure class=\"wp-block-image size-large\"><img loading=\"lazy\" decoding=\"async\" width=\"1024\" height=\"683\" data-id=\"241\" src=\"https:\/\/www.alluharrastaa.com\/blog\/wp-content\/uploads\/2025\/07\/20150129-G0301210-1024x683.jpg\" alt=\"\" class=\"wp-image-241\" srcset=\"https:\/\/www.alluharrastaa.com\/blog\/wp-content\/uploads\/2025\/07\/20150129-G0301210-1024x683.jpg 1024w, https:\/\/www.alluharrastaa.com\/blog\/wp-content\/uploads\/2025\/07\/20150129-G0301210-300x200.jpg 300w, https:\/\/www.alluharrastaa.com\/blog\/wp-content\/uploads\/2025\/07\/20150129-G0301210-768x512.jpg 768w, https:\/\/www.alluharrastaa.com\/blog\/wp-content\/uploads\/2025\/07\/20150129-G0301210.jpg 1279w\" sizes=\"auto, (max-width: 1024px) 100vw, 1024px\" \/><\/figure>\n<\/figure>\n\n\n\n<p class=\"has-medium-font-size\" style=\"text-transform:none\">Yksinvaellus on minulle kyse ensisijaisesti arjesta irtautumista. Se on kuitenkin my\u00f6s jonkinlaista seikkailua, itsens\u00e4 voittamista ja itsest\u00e4 oppimista. Ja tietysti valo- ja videokuvausta. Raahaan mukanani useamman kilon verran kamerakalustoa. Kuvien, niiden editoinnin ja vaelluskertomusten kirjoittamisen my\u00f6t\u00e4 yhden reissun saa el\u00e4\u00e4 useamman kerran uudelleen.<\/p>\n\n\n\n<p class=\"has-medium-font-size\" style=\"text-transform:none\">Vaellusfilosofiani voi tiivist\u00e4\u00e4 seuraaviin: Pyrin liikkumaan siell\u00e4, miss\u00e4 ei ole liikaa ihmisi\u00e4. Poikkean reitille osuvilla k\u00e4mpill\u00e4 ja autiotuvilla, jos niit\u00e4 on. Reittisuunnitelmani on yleens\u00e4 suuntaa-antava ja joustava. En aina kulje sit\u00e4 helpointa reitti\u00e4, vaan p\u00e4\u00e4dyn (usein my\u00f6s tahattomasti) hankaliin ja syrj\u00e4isiin paikkoihin. Kuvaamiselle ja hillojen poimimiselle on aina aikaa!<\/p>\n\n\n\n<div class=\"wp-block-media-text has-media-on-the-right is-stacked-on-mobile\" style=\"padding-top:0;padding-bottom:0;grid-template-columns:auto 49%\"><div class=\"wp-block-media-text__content\">\n<p style=\"text-transform:none\">Yhteys: allu@alluharrastaa.com<\/p>\n<\/div><figure class=\"wp-block-media-text__media\"><img loading=\"lazy\" decoding=\"async\" width=\"1024\" height=\"683\" src=\"https:\/\/www.alluharrastaa.com\/blog\/wp-content\/uploads\/2025\/07\/043A2675-edited-1024x683.jpg\" alt=\"\" class=\"wp-image-238 size-full\" srcset=\"https:\/\/www.alluharrastaa.com\/blog\/wp-content\/uploads\/2025\/07\/043A2675-edited-1024x683.jpg 1024w, https:\/\/www.alluharrastaa.com\/blog\/wp-content\/uploads\/2025\/07\/043A2675-edited-300x200.jpg 300w, https:\/\/www.alluharrastaa.com\/blog\/wp-content\/uploads\/2025\/07\/043A2675-edited-768x512.jpg 768w, https:\/\/www.alluharrastaa.com\/blog\/wp-content\/uploads\/2025\/07\/043A2675-edited-1536x1024.jpg 1536w, https:\/\/www.alluharrastaa.com\/blog\/wp-content\/uploads\/2025\/07\/043A2675-edited-2048x1365.jpg 2048w\" sizes=\"auto, (max-width: 1024px) 100vw, 1024px\" \/><\/figure><\/div>\n\n\n\n<p class=\"has-small-font-size\" style=\"text-transform:none\"><\/p>\n\n\n\n<p><\/p>\n","protected":false},"excerpt":{"rendered":"<p>Allu harrastaa -blogi sai alkunsa vuonna 2016. Alun perin tarkoituksena oli kirjoitella sekalaisista aiheista vaelluksen, retkeilyn ja valokuvauksen maailmasta. Ajatuksena oli my\u00f6s koota yhteen ja saattaa digitaaliseen muotoon vaelluksilta tekemi\u00e4ni muistiinpanoja. Omaksi iloksi ja muillekin vinkeiksi. Pian homma kuitenkin kehittyi pitkien vaelluskertomusten julkaisemiseksi. Pitki\u00e4, useamman p\u00e4iv\u00e4n vaelluksia on kertynyt yli 20, eik\u00e4 loppua n\u00e4y. Ensimm\u00e4isen [&hellip;]<\/p>\n","protected":false},"author":1,"featured_media":0,"parent":0,"menu_order":0,"comment_status":"closed","ping_status":"closed","template":"","meta":{"footnotes":""},"class_list":["post-80","page","type-page","status-publish","hentry"],"_links":{"self":[{"href":"https:\/\/www.alluharrastaa.com\/blog\/wp-json\/wp\/v2\/pages\/80","targetHints":{"allow":["GET"]}}],"collection":[{"href":"https:\/\/www.alluharrastaa.com\/blog\/wp-json\/wp\/v2\/pages"}],"about":[{"href":"https:\/\/www.alluharrastaa.com\/blog\/wp-json\/wp\/v2\/types\/page"}],"author":[{"embeddable":true,"href":"https:\/\/www.alluharrastaa.com\/blog\/wp-json\/wp\/v2\/users\/1"}],"replies":[{"embeddable":true,"href":"https:\/\/www.alluharrastaa.com\/blog\/wp-json\/wp\/v2\/comments?post=80"}],"version-history":[{"count":14,"href":"https:\/\/www.alluharrastaa.com\/blog\/wp-json\/wp\/v2\/pages\/80\/revisions"}],"predecessor-version":[{"id":438,"href":"https:\/\/www.alluharrastaa.com\/blog\/wp-json\/wp\/v2\/pages\/80\/revisions\/438"}],"wp:attachment":[{"href":"https:\/\/www.alluharrastaa.com\/blog\/wp-json\/wp\/v2\/media?parent=80"}],"curies":[{"name":"wp","href":"https:\/\/api.w.org\/{rel}","templated":true}]}}