{"id":65,"date":"2024-08-24T15:55:46","date_gmt":"2024-08-24T12:55:46","guid":{"rendered":"https:\/\/www.alluharrastaa.com\/blog\/?page_id=65"},"modified":"2026-04-06T21:53:50","modified_gmt":"2026-04-06T18:53:50","slug":"vaellukset","status":"publish","type":"page","link":"https:\/\/www.alluharrastaa.com\/blog\/vaellukset\/","title":{"rendered":"vaellukset ja vaellustarinat"},"content":{"rendered":"\n<p style=\"text-transform:none\">Alla on listattuna tekem\u00e4ni pitk\u00e4t vaellukset. P\u00e4iv\u00e4retki\u00e4 tai lyhyit\u00e4, 1-2 y\u00f6n reissuja t\u00e4h\u00e4n ei ole sis\u00e4llytetty. Niit\u00e4kin on kertynyt runsaasti eri puolilta Suomea.<\/p>\n\n\n\n<div align=\"center\"><iframe loading=\"lazy\" src=\"https:\/\/www.google.com\/maps\/d\/embed?mid=1jSx32xodgHIRNZ8Bi5ruxOoNX_1pL-8&#038;ehbc=2E312F&#038;noprof=1\" width=\"900\" height=\"400\"><\/iframe>\n\n\n\n<p class=\"has-text-align-center has-x-small-font-size\" style=\"text-transform:none\">Kartalla vaellukset vuodesta 2021 alkaen. Hiihtovaellukset sinisell\u00e4, sulan maan vaellukset punaisella.<\/p>\n\n\n\n<p><\/p>\n\n\n\n<p class=\"has-text-align-left has-large-font-size\" style=\"text-transform:none\">Linkist\u00e4 vaelluskertomukseen (osa sijaitsee vanhan blogin puolella):<br><\/p>\n\n\n\n<p class=\"has-text-align-left\" style=\"text-transform:none\">27. Kevo &#8211; Paistunturit (hiihto) 2026<\/p>\n\n\n\n<p class=\"has-text-align-left\" style=\"text-transform:none\"><a href=\"https:\/\/www.alluharrastaa.com\/blog\/2025\/10\/10\/reisa-nasjonalpark-kasivarren-koilliskolkka-2025\/\">26. Reisa nasjonalpark &amp; K\u00e4sivarren koillisnurkka 2025<\/a><\/p>\n\n\n\n<p class=\"has-text-align-left\" style=\"text-transform:none\"><a href=\"https:\/\/www.alluharrastaa.com\/blog\/2025\/07\/08\/hiihtovaellus-sarekissa-2025\/\">25. Sarek (hiihto) 2025<\/a><\/p>\n\n\n\n<p class=\"has-text-align-left\" style=\"text-transform:none\"><a href=\"https:\/\/www.alluharrastaa.com\/blog\/2024\/12\/01\/lokakuussa-muotkalla-2024\/\">24. Muotkatunturin er\u00e4maa 2024<\/a><\/p>\n\n\n\n<p class=\"has-text-align-left\" style=\"text-transform:none\"><a href=\"https:\/\/www.alluharrastaa.com\/blog\/2024\/08\/24\/sarek-2024\/\">23. Sarek: Rapadalen &#8211; Ruohtesv\u00e1gge 2024<\/a><\/p>\n\n\n\n<p class=\"has-text-align-left\" style=\"text-transform:none\"><a href=\"https:\/\/www.alluharrastaa.com\/blog\/2024\/10\/25\/rostojarvi-moskkugaisi-26-3-3-4-2024\/\" data-type=\"link\" data-id=\"https:\/\/www.alluharrastaa.com\/blog\/2024\/10\/25\/rostojarvi-moskkugaisi-26-3-3-4-2024\/\">22. Rostoj\u00e4rvi \u2013 \u00d8vre Dividal \u2013 Moskkug\u00e1isi (hiihto) 2024<\/a><\/p>\n\n\n\n<p class=\"has-text-align-left\" style=\"text-transform:none\"><a href=\"https:\/\/alluharrastaa.blogspot.com\/2024\/01\/nellimista-naatamoon-vaellus-vre-pasvik.html\">21. Nellim \u2013 N\u00e4\u00e4t\u00e4m\u00f6: \u00d8vre Pasvik ja V\u00e4ts\u00e4ri 2023<\/a><\/p>\n\n\n\n<p class=\"has-text-align-left\" style=\"text-transform:none\"><a href=\"https:\/\/alluharrastaa.blogspot.com\/2023\/12\/hiihtovaellus-haltille-2023.html\">20. Kilpisj\u00e4rvi \u2013 Halti (hiihto) 2023<\/a><\/p>\n\n\n\n<p class=\"has-text-align-left\" style=\"text-transform:none\"><a href=\"https:\/\/alluharrastaa.blogspot.com\/2023\/08\/sarek-stora-sjofallet-2022.html\">19. Sarek &amp; Stora Sj\u00f6fallet 2022<\/a><\/p>\n\n\n\n<p class=\"has-text-align-left\" style=\"text-transform:none\"><a href=\"https:\/\/alluharrastaa.blogspot.com\/2023\/03\/syysvaellus-kasivarren-eramaassa-2021.html\">18. K\u00e4sivarren er\u00e4maa 2021<\/a><\/p>\n\n\n\n<p class=\"has-text-align-left\" style=\"text-transform:none\"><a href=\"https:\/\/alluharrastaa.blogspot.com\/2020\/12\/\">17. Saariselk\u00e4 \/ UK-puisto 2020<\/a><\/p>\n\n\n\n<p class=\"has-text-align-left\" style=\"text-transform:none\"><a href=\"https:\/\/alluharrastaa.blogspot.com\/2020\/05\/paistunturin-ja-kevon-ruskavaellus-2019.html\">16. Paistunturi \u2013 Kevo 2019<\/a><\/p>\n\n\n\n<p class=\"has-text-align-left\" style=\"text-transform:none\"><a href=\"https:\/\/alluharrastaa.blogspot.com\/2018\/12\/vatsarin-vaellus-2018.html\">15. V\u00e4ts\u00e4rin er\u00e4maa 2018<\/a><\/p>\n\n\n\n<p class=\"has-text-align-left\" style=\"text-transform:none\"><a href=\"https:\/\/alluharrastaa.blogspot.com\/2017\/11\/haltin-kierros-eli-kolme-korkeinta.html\">14. Haltin kierros 2017<\/a><\/p>\n\n\n\n<p class=\"has-text-align-left\" style=\"text-transform:none\"><a href=\"https:\/\/alluharrastaa.blogspot.com\/2016\/11\/kolmen-valtakunnan-vaellus-2016-osa-13.html\">13. Kolmen valtakunnan vaellus: Paras ja P\u00e4ltsan 2016<\/a><\/p>\n\n\n\n<p class=\"has-text-align-left\" style=\"text-transform:none\"><a href=\"https:\/\/alluharrastaa.blogspot.com\/2017\/06\/nuorttijoki-2016.html\">12. Nuorttijoki 2016<\/a><\/p>\n\n\n\n<p class=\"has-text-align-left\" style=\"text-transform:none\"><a href=\"https:\/\/alluharrastaa.blogspot.com\/2017\/05\/kaldoaivin-hikivaellus-2015-osa-13.html\">11. Kaldoaivi 2015<\/a><\/p>\n\n\n\n<p class=\"has-text-align-left\" style=\"text-transform:none\"><a href=\"https:\/\/alluharrastaa.blogspot.com\/2016\/02\/silmat-auki-ei-sokosti-saariselan.html\">10. UK-puisto \/ Sokosti 2015<\/a><\/p>\n\n\n\n<p class=\"has-text-align-left\" style=\"text-transform:none\">9. K\u00e4sivarren er\u00e4maa: Kovddosgaisi ja Halti 2014<\/p>\n\n\n\n<p class=\"has-text-align-left\" style=\"text-transform:none\">8. Hetta-Pallas 2013<\/p>\n\n\n\n<p class=\"has-text-align-left\" style=\"text-transform:none\"><a href=\"https:\/\/alluharrastaa.blogspot.com\/2022\/04\/muotkatunturin-vaellus-2013.html\">7. Muotkatunturit 2013<\/a><\/p>\n\n\n\n<p class=\"has-text-align-left\" style=\"text-transform:none\">6. K\u00e4sivarren er\u00e4maa 2012<\/p>\n\n\n\n<p class=\"has-text-align-left\" style=\"text-transform:none\"><a href=\"https:\/\/alluharrastaa.blogspot.com\/2016\/03\/vatsarin-vaellus-2011.html\">5. V\u00e4ts\u00e4rin er\u00e4maa 2011<\/a><\/p>\n\n\n\n<p class=\"has-text-align-left\" style=\"text-transform:none\">4. Lemmenjoki \u2013 Vaskojoki \u2013 Ravadas 2011<\/p>\n\n\n\n<p class=\"has-text-align-left\" style=\"text-transform:none\">3. Saariselk\u00e4 2010<\/p>\n\n\n\n<p class=\"has-text-align-left\" style=\"text-transform:none\">2. Lemmenjoki: Oahojoki \u2013 Morgam-Viibus 2010<\/p>\n\n\n\n<p class=\"has-text-align-left\" style=\"text-transform:none\">1. Lemmenjoen kultareitti 2009<\/p>\n\n\n\n<p class=\"has-text-align-left\" style=\"text-transform:none\"><\/p>\n\n\n\n<p class=\"has-text-align-left\" style=\"text-transform:none\"><\/p>\n\n\n\n<p class=\"has-text-align-left\" style=\"text-transform:none\"><\/p>\n\n\n\n<p class=\"has-text-align-left\" style=\"text-transform:none\"><\/p>\n\n\n\n<p class=\"has-text-align-left\" style=\"text-transform:none\"><\/p>\n\n\n\n<p class=\"has-text-align-left\" style=\"text-transform:none\"><\/p>\n\n\n\n<p class=\"has-text-align-left\" style=\"text-transform:none\"><\/p>\n\n\n\n<p class=\"has-text-align-left\" style=\"text-transform:none\"><\/p>\n\n\n\n<p class=\"has-text-align-left\" style=\"text-transform:none\"><\/p>\n","protected":false},"excerpt":{"rendered":"<p>Alla on listattuna tekem\u00e4ni pitk\u00e4t vaellukset. P\u00e4iv\u00e4retki\u00e4 tai lyhyit\u00e4, 1-2 y\u00f6n reissuja t\u00e4h\u00e4n ei ole sis\u00e4llytetty. Niit\u00e4kin on kertynyt runsaasti eri puolilta Suomea. Kartalla vaellukset vuodesta 2021 alkaen. Hiihtovaellukset sinisell\u00e4, sulan maan vaellukset punaisella. Linkist\u00e4 vaelluskertomukseen (osa sijaitsee vanhan blogin puolella): 27. Kevo &#8211; Paistunturit (hiihto) 2026 26. Reisa nasjonalpark &amp; K\u00e4sivarren koillisnurkka 2025 25. [&hellip;]<\/p>\n","protected":false},"author":1,"featured_media":0,"parent":0,"menu_order":0,"comment_status":"closed","ping_status":"closed","template":"","meta":{"footnotes":""},"class_list":["post-65","page","type-page","status-publish","hentry"],"_links":{"self":[{"href":"https:\/\/www.alluharrastaa.com\/blog\/wp-json\/wp\/v2\/pages\/65","targetHints":{"allow":["GET"]}}],"collection":[{"href":"https:\/\/www.alluharrastaa.com\/blog\/wp-json\/wp\/v2\/pages"}],"about":[{"href":"https:\/\/www.alluharrastaa.com\/blog\/wp-json\/wp\/v2\/types\/page"}],"author":[{"embeddable":true,"href":"https:\/\/www.alluharrastaa.com\/blog\/wp-json\/wp\/v2\/users\/1"}],"replies":[{"embeddable":true,"href":"https:\/\/www.alluharrastaa.com\/blog\/wp-json\/wp\/v2\/comments?post=65"}],"version-history":[{"count":37,"href":"https:\/\/www.alluharrastaa.com\/blog\/wp-json\/wp\/v2\/pages\/65\/revisions"}],"predecessor-version":[{"id":490,"href":"https:\/\/www.alluharrastaa.com\/blog\/wp-json\/wp\/v2\/pages\/65\/revisions\/490"}],"wp:attachment":[{"href":"https:\/\/www.alluharrastaa.com\/blog\/wp-json\/wp\/v2\/media?parent=65"}],"curies":[{"name":"wp","href":"https:\/\/api.w.org\/{rel}","templated":true}]}}