{"id":47,"date":"2024-08-24T15:39:13","date_gmt":"2024-08-24T12:39:13","guid":{"rendered":"https:\/\/www.alluharrastaa.com\/blog\/?page_id=47"},"modified":"2025-08-16T17:59:12","modified_gmt":"2025-08-16T14:59:12","slug":"kampat-ja-autiotuvat","status":"publish","type":"page","link":"https:\/\/www.alluharrastaa.com\/blog\/kampat-ja-autiotuvat\/","title":{"rendered":"k\u00e4mp\u00e4t ja autiotuvat"},"content":{"rendered":"\n<p class=\"has-small-font-size\" style=\"text-transform:none\"><a href=\"https:\/\/www.alluharrastaa.com\/blog\/tupaluettelo\/\" data-type=\"page\" data-id=\"55\">Luettelo vierailluista k\u00e4mpist\u00e4 ja tuvista<\/a><\/p>\n\n\n\n<p class=\"has-small-font-size\" style=\"text-transform:none\">Tupa tunturissa tai er\u00e4maassa on monelle kulkijalle ripaus luksusta vaelluksen keskell\u00e4. Mik\u00e4 onkaan ihanampaa kuin p\u00e4\u00e4st\u00e4 l\u00e4mpim\u00e4\u00e4n tupaan kuivattelemaan sateen kastelemia kamppeita! Tai oikaista selk\u00e4 tuvan laverille pitk\u00e4n k\u00e4velyn tai hiihdon p\u00e4\u00e4tteeksi. Tai nauttia hiljaisuudesta ja lueskella kulkijoiden kertomuksia vieraskirjoista.<\/p>\n\n\n\n<p class=\"has-small-font-size\" style=\"text-transform:none\">Tupa on my\u00f6s turvallisuuskysymys, etenkin huonon kelin tai onnettomuuden sattuessa tupa tarjoaa suojaa ja turvaa. Yksin tupien varaan ei retke\u00e4 pid\u00e4 suunnitella, vaan mukana on syyt\u00e4 aina olla teltta tai muu vastaava majoite.<\/p>\n\n\n\n<p class=\"has-small-font-size\" style=\"text-transform:none\">Itselleni autiotuvat ja k\u00e4mp\u00e4t ovat olennainen osa er\u00e4maissa kulkemista. Vaikka usein nukuin mieluummin teltassa, tuvat ovat itsess\u00e4\u00e4n k\u00e4yntikohteita, reittisuunnittelun etappeja tai muuten vain kiinnostavia kuriositeetteja luonnon keskell\u00e4. Autiotuvilla voi sattua my\u00f6s kiinnostavia kohtaamisia muiden kulkijoiden kanssa.&nbsp;<\/p>\n\n\n\n<p class=\"has-small-font-size\" style=\"text-transform:none\">Millaisia tupia er\u00e4maihin ja tuntureihin mahtuu? <a href=\"https:\/\/www.patikka.net\/Eramaa_alueet.htm\">Patikka.net:n tupaluettelo<\/a> on vertaansa vailla oleva tietol\u00e4hde autiotuvista ja k\u00e4mpist\u00e4. Lis\u00e4ksi Jouni Ohtamaan <a href=\"http:\/\/jouninkirjamyymala.nettihotelli.info\/at\/\">autiotuvat online<\/a> on kattava tietokanta Pohjois-Suomen autiotuvista.<\/p>\n\n\n\n<p class=\"has-small-font-size\" style=\"text-transform:none\">Koska omat kulkemiseni eiv\u00e4t rajoitu vain Suomeen, k\u00e4sittelen ja vertailen t\u00e4ss\u00e4 tupakulttuuria ja tupia Suomen, Norjan ja Ruotsin kesken.<\/p>\n\n\n\n<p class=\"has-large-font-size\" style=\"text-transform:none\"><strong>Suomi<\/strong><\/p>\n\n\n\n<p class=\"has-small-font-size\" style=\"text-transform:none\">Suomessa tupakulttuuri rakentuu varsin vahvasti Mets\u00e4hallituksen yll\u00e4pit\u00e4mien autio- ja varaustupien varaan. Yksityisi\u00e4 avoimia k\u00e4mppi\u00e4 ja kammejakin on, mutta ne ovat harvassa. Tunnetuin yksityinen autiotupa lienee K\u00e4sivarren er\u00e4maan legendaarinen Urttashotelli, joka tosin on enemm\u00e4n vierailukohde kuin varsinainen majoituskohde. Toinen vierailemisen arvoinen yksityinen kohde on Adolfin kammi Kaldoaivin er\u00e4maassa.<\/p>\n\n\n\n<p class=\"has-small-font-size\" style=\"text-transform:none\">Porok\u00e4mp\u00e4t ja muut yksityisk\u00e4mp\u00e4t ovat p\u00e4\u00e4s\u00e4\u00e4nt\u00f6isesti lukittuja. Er\u00e4maista ja kansallispuistoista l\u00f6ytyy my\u00f6s viranomaisk\u00e4yt\u00f6ss\u00e4 olevia tupia, jotka kuuluvat yleens\u00e4 joko Rajavartiolaitokselle tai Mets\u00e4hallitukselle. Er\u00e4maissa sijaitsevat yksityism\u00f6kit eiv\u00e4t luonnollisesti ole vaeltajien k\u00e4ytett\u00e4viss\u00e4.<\/p>\n\n\n\n<figure class=\"wp-block-gallery has-nested-images columns-default is-cropped wp-block-gallery-1 is-layout-flex wp-block-gallery-is-layout-flex\">\n<figure class=\"wp-block-image size-large\"><img loading=\"lazy\" decoding=\"async\" width=\"1011\" height=\"717\" data-id=\"205\" src=\"https:\/\/www.alluharrastaa.com\/blog\/wp-content\/uploads\/2025\/07\/7D_5434.jpg\" alt=\"\" class=\"wp-image-205\" srcset=\"https:\/\/www.alluharrastaa.com\/blog\/wp-content\/uploads\/2025\/07\/7D_5434.jpg 1011w, https:\/\/www.alluharrastaa.com\/blog\/wp-content\/uploads\/2025\/07\/7D_5434-300x213.jpg 300w, https:\/\/www.alluharrastaa.com\/blog\/wp-content\/uploads\/2025\/07\/7D_5434-768x545.jpg 768w\" sizes=\"auto, (max-width: 1011px) 100vw, 1011px\" \/><figcaption class=\"wp-element-caption\">tsaaraj\u00e4rvi<\/figcaption><\/figure>\n\n\n\n<figure class=\"wp-block-image size-large\"><img loading=\"lazy\" decoding=\"async\" width=\"1024\" height=\"668\" data-id=\"206\" src=\"https:\/\/www.alluharrastaa.com\/blog\/wp-content\/uploads\/2025\/07\/043A2538-1024x668.jpg\" alt=\"\" class=\"wp-image-206\" srcset=\"https:\/\/www.alluharrastaa.com\/blog\/wp-content\/uploads\/2025\/07\/043A2538-1024x668.jpg 1024w, https:\/\/www.alluharrastaa.com\/blog\/wp-content\/uploads\/2025\/07\/043A2538-300x196.jpg 300w, https:\/\/www.alluharrastaa.com\/blog\/wp-content\/uploads\/2025\/07\/043A2538-768x501.jpg 768w, https:\/\/www.alluharrastaa.com\/blog\/wp-content\/uploads\/2025\/07\/043A2538.jpg 1120w\" sizes=\"auto, (max-width: 1024px) 100vw, 1024px\" \/><figcaption class=\"wp-element-caption\">kuonjarjoki<\/figcaption><\/figure>\n\n\n\n<figure class=\"wp-block-image size-large\"><img loading=\"lazy\" decoding=\"async\" width=\"782\" height=\"543\" data-id=\"207\" src=\"https:\/\/www.alluharrastaa.com\/blog\/wp-content\/uploads\/2025\/07\/IMGL0793-IMGL0794.jpg\" alt=\"\" class=\"wp-image-207\" srcset=\"https:\/\/www.alluharrastaa.com\/blog\/wp-content\/uploads\/2025\/07\/IMGL0793-IMGL0794.jpg 782w, https:\/\/www.alluharrastaa.com\/blog\/wp-content\/uploads\/2025\/07\/IMGL0793-IMGL0794-300x208.jpg 300w, https:\/\/www.alluharrastaa.com\/blog\/wp-content\/uploads\/2025\/07\/IMGL0793-IMGL0794-768x533.jpg 768w\" sizes=\"auto, (max-width: 782px) 100vw, 782px\" \/><figcaption class=\"wp-element-caption\">njavgoaivi<\/figcaption><\/figure>\n<\/figure>\n\n\n\n<p class=\"has-small-font-size\" style=\"text-transform:none\">Mets\u00e4hallituksen yll\u00e4pit\u00e4mien autiotupien varustus on usein niukka. Joiltakin tuvilta l\u00f6ytyy kuitenkin esimerkiksi patjat, mik\u00e4 on suurta luksusta. Kamiina, polttopuut ja huusit kuuluvat vakiovarustukseen. Useimmilla tuvilla on my\u00f6s kaasuliesi.<\/p>\n\n\n\n<p class=\"has-small-font-size\" style=\"text-transform:none\">Varaustupien varustelu on autiotupia kattavampi, mutta erityist\u00e4 luksusta ne eiv\u00e4t yleens\u00e4 tarjoa. Varaustuvat varataan <a href=\"https:\/\/verkkokauppa.eraluvat.fi\/fi\/tuvat\/varaustupa\/\">Mets\u00e4hallitukselta<\/a> ja suosituimmilla seuduilla niiss\u00e4 on etenkin sesonkiaikaan tunkua.<\/p>\n\n\n\n<p class=\"has-small-font-size\" style=\"text-transform:none\">Autio- ja varaustupien lis\u00e4ksi kansallispuistojen ruuhkareiteill\u00e4 on niin sanottuja p\u00e4iv\u00e4tupia, jotka on tarkoitettu vain taukojen pit\u00e4miseen. Niiss\u00e4 ei v\u00e4ltt\u00e4m\u00e4tt\u00e4 ole esimerkiksi nukkumiseen sopivia lavereita lainkaan.<\/p>\n\n\n\n<p class=\"has-small-font-size\" style=\"text-transform:none\">Moni Mets\u00e4hallituksen tupa on malliltaan niin sanottu tyyppitupa, jossa on pieni eteinen ja tuvassa petipaikat lavereilla 6\u20138 hengelle. Vaihtelua perusmallin tupiin tuovat vanhat tai muuten historialtaan poikkeavat tuvat, joita er\u00e4maissa ja kansallispuistoissa on useita. Eritysesti Anterinmukan tupa UK-puistossa on vaeltajien keskuudessa tunnettu, eik\u00e4 v\u00e4hiten erinomaisen saunansa vuoksi. Anterinmukka eli ns. Keskon k\u00e4mpp\u00e4 on poikkeuksellisen komea huvilamainen rakennus. Muita erikoisuuksia ovat esimerkiksi Nuorttijoen Saihon 1930-luvulta per\u00e4isin oleva tupa tai Jogasj\u00e4rven \u201dkummitusk\u00e4mpp\u00e4\u201d K\u00e4sivarren er\u00e4maassa.<\/p>\n\n\n\n<figure class=\"wp-block-gallery has-nested-images columns-default is-cropped wp-block-gallery-2 is-layout-flex wp-block-gallery-is-layout-flex\">\n<figure class=\"wp-block-image size-large\"><img loading=\"lazy\" decoding=\"async\" width=\"1024\" height=\"683\" data-id=\"211\" src=\"https:\/\/www.alluharrastaa.com\/blog\/wp-content\/uploads\/2025\/07\/043A2760-1024x683.jpg\" alt=\"\" class=\"wp-image-211\" srcset=\"https:\/\/www.alluharrastaa.com\/blog\/wp-content\/uploads\/2025\/07\/043A2760-1024x683.jpg 1024w, https:\/\/www.alluharrastaa.com\/blog\/wp-content\/uploads\/2025\/07\/043A2760-300x200.jpg 300w, https:\/\/www.alluharrastaa.com\/blog\/wp-content\/uploads\/2025\/07\/043A2760-768x512.jpg 768w, https:\/\/www.alluharrastaa.com\/blog\/wp-content\/uploads\/2025\/07\/043A2760-1536x1024.jpg 1536w, https:\/\/www.alluharrastaa.com\/blog\/wp-content\/uploads\/2025\/07\/043A2760-2048x1366.jpg 2048w\" sizes=\"auto, (max-width: 1024px) 100vw, 1024px\" \/><figcaption class=\"wp-element-caption\">nammalakuru<\/figcaption><\/figure>\n\n\n\n<figure class=\"wp-block-image size-large\"><img loading=\"lazy\" decoding=\"async\" width=\"781\" height=\"521\" data-id=\"250\" src=\"https:\/\/www.alluharrastaa.com\/blog\/wp-content\/uploads\/2025\/07\/20180810-20180810-IMGL3097.jpg\" alt=\"\" class=\"wp-image-250\" srcset=\"https:\/\/www.alluharrastaa.com\/blog\/wp-content\/uploads\/2025\/07\/20180810-20180810-IMGL3097.jpg 781w, https:\/\/www.alluharrastaa.com\/blog\/wp-content\/uploads\/2025\/07\/20180810-20180810-IMGL3097-300x200.jpg 300w, https:\/\/www.alluharrastaa.com\/blog\/wp-content\/uploads\/2025\/07\/20180810-20180810-IMGL3097-768x512.jpg 768w\" sizes=\"auto, (max-width: 781px) 100vw, 781px\" \/><figcaption class=\"wp-element-caption\">rajap\u00e4\u00e4<\/figcaption><\/figure>\n\n\n\n<figure class=\"wp-block-image size-large\"><img loading=\"lazy\" decoding=\"async\" width=\"999\" height=\"666\" data-id=\"212\" src=\"https:\/\/www.alluharrastaa.com\/blog\/wp-content\/uploads\/2025\/07\/IMGL8318.jpg\" alt=\"\" class=\"wp-image-212\" srcset=\"https:\/\/www.alluharrastaa.com\/blog\/wp-content\/uploads\/2025\/07\/IMGL8318.jpg 999w, https:\/\/www.alluharrastaa.com\/blog\/wp-content\/uploads\/2025\/07\/IMGL8318-300x200.jpg 300w, https:\/\/www.alluharrastaa.com\/blog\/wp-content\/uploads\/2025\/07\/IMGL8318-768x512.jpg 768w\" sizes=\"auto, (max-width: 999px) 100vw, 999px\" \/><figcaption class=\"wp-element-caption\">termisj\u00e4rvi<\/figcaption><\/figure>\n<\/figure>\n\n\n\n<p class=\"has-small-font-size\" style=\"text-transform:none\">Viime vuosina on my\u00f6s rakennettu ilahduttavasti uusia tupia. Esimerkiksi UK-puiston Rautulammella on tuore tupa, joka poikkeaa merkitt\u00e4v\u00e4sti perinteisest\u00e4 tupa-arkkitehtuurista. Uudet tuvat on rakennettu my\u00f6s K\u00e4sivarren er\u00e4maahan Saarij\u00e4rvelle ja Kevon luonnonpuistoon Guivi-tunturin juurelle, josta vanhat huonokuntoiset tuvat on purettu (tai puretaan) pois. Investoinnit kuitenkin kohdistuvat, sin\u00e4ns\u00e4 ymm\u00e4rrett\u00e4v\u00e4sti, vilkkaille reiteille.<\/p>\n\n\n\n<p class=\"has-small-font-size\" style=\"text-transform:none\">Syrj\u00e4isille ja hiljaisille alueille uusia tupia tuskin rakennetaan. Esimerkiksi Sevettij\u00e4rvi-Pulmanki-reitill\u00e4 olleen Opukasj\u00e4rven palaneen tuvan tilalle ei ole rakennettu uutta. Lis\u00e4ksi nykyistenkin tupien huolto on vaakalaudalla Mets\u00e4hallituksen s\u00e4\u00e4st\u00f6jen vuoksi. Mets\u00e4hallitus on asettanut kohteita k\u00e4ytt\u00f6kieltoon paloturvallisuussyist\u00e4, eik\u00e4 korjauksiin v\u00e4ltt\u00e4m\u00e4tt\u00e4 ole varaa. Esimerkiksi Anterinmukan saunasta oli l\u00f6ytynyt paljon korjauskohteita. My\u00f6s Lemmenjoen Vaskojoen saunan kiuas on mennyt kes\u00e4ll\u00e4 2024 rikki, joten l\u00f6ylyt j\u00e4\u00e4v\u00e4t v\u00e4liin my\u00f6s siell\u00e4. Toivottavasti vaurioituneet tulisijat saataisiin korjattua, jotta k\u00e4ytt\u00f6 voisi jatkua. Onneksi sent\u00e4\u00e4n Vaskolompolon autiotuvan hajonnut kamiina on korjattu (2025).<\/p>\n\n\n\n<p class=\"has-large-font-size\" style=\"text-transform:none\"><strong>Norja<\/strong><\/p>\n\n\n\n<p class=\"has-small-font-size\" style=\"text-transform:none\">Norjassa on karkeasti jaoteltuna kolmenlaisia tupia: <a href=\"https:\/\/www.dnt.no\/hytter\/\">DNT<\/a>:n (Den Norske Turistforening) maksulliset ja hyvin varustellut tuvat, <a href=\"https:\/\/www.statskog.no\/hytter-og-friluftsliv\">Statskogin<\/a> (er\u00e4\u00e4nlainen Norjan Mets\u00e4hallitus) yll\u00e4pit\u00e4m\u00e4t \u2013 varustelultaan vaihtelevat \u2013 tuvat, sek\u00e4 yksityiset k\u00e4mp\u00e4t, jotka saattavat olla avoimia kaikille. Finnmarkin alueella ja erityisesti Paatsjokilaaksossa (Pasvik) <a href=\"https:\/\/www.fefo.no\/friluftsliv\/apne-hytter\/\">Finnmarkseiendommen<\/a> (FeFo) yll\u00e4pit\u00e4\u00e4 my\u00f6s avoimia tupia.<\/p>\n\n\n\n<p class=\"has-small-font-size\" style=\"text-transform:none\">DNT:n tuvat ovat lukittuja ja edellytt\u00e4v\u00e4t varauksen tekoa. Ilman varaustakin voi avaimen kanssa menn\u00e4, jolloin maksu on suoritettava j\u00e4lkik\u00e4teen. En ole itse k\u00e4ytt\u00e4nyt niit\u00e4, koska pid\u00e4n enemm\u00e4n varsinaisista autiotuvista. Norjalainen retkeilykulttuuri perustuu suomalaista enemm\u00e4n tuvalta tuvalle kulkemiseen ja tupien palvelujen hy\u00f6dynt\u00e4miseen.&nbsp;<\/p>\n\n\n\n<figure class=\"wp-block-gallery has-nested-images columns-default is-cropped wp-block-gallery-3 is-layout-flex wp-block-gallery-is-layout-flex\">\n<figure class=\"wp-block-image size-large\"><img loading=\"lazy\" decoding=\"async\" width=\"1024\" height=\"492\" data-id=\"194\" src=\"https:\/\/www.alluharrastaa.com\/blog\/wp-content\/uploads\/2025\/07\/043A0343-1024x492.jpg\" alt=\"\" class=\"wp-image-194\" srcset=\"https:\/\/www.alluharrastaa.com\/blog\/wp-content\/uploads\/2025\/07\/043A0343-1024x492.jpg 1024w, https:\/\/www.alluharrastaa.com\/blog\/wp-content\/uploads\/2025\/07\/043A0343-300x144.jpg 300w, https:\/\/www.alluharrastaa.com\/blog\/wp-content\/uploads\/2025\/07\/043A0343-768x369.jpg 768w, https:\/\/www.alluharrastaa.com\/blog\/wp-content\/uploads\/2025\/07\/043A0343-1536x737.jpg 1536w, https:\/\/www.alluharrastaa.com\/blog\/wp-content\/uploads\/2025\/07\/043A0343-2048x983.jpg 2048w\" sizes=\"auto, (max-width: 1024px) 100vw, 1024px\" \/><figcaption class=\"wp-element-caption\">Gappohytta (DNT)<\/figcaption><\/figure>\n\n\n\n<figure class=\"wp-block-image size-large\"><img loading=\"lazy\" decoding=\"async\" width=\"1024\" height=\"561\" data-id=\"193\" src=\"https:\/\/www.alluharrastaa.com\/blog\/wp-content\/uploads\/2025\/07\/043A9398-1024x561.jpg\" alt=\"\" class=\"wp-image-193\" srcset=\"https:\/\/www.alluharrastaa.com\/blog\/wp-content\/uploads\/2025\/07\/043A9398-1024x561.jpg 1024w, https:\/\/www.alluharrastaa.com\/blog\/wp-content\/uploads\/2025\/07\/043A9398-300x164.jpg 300w, https:\/\/www.alluharrastaa.com\/blog\/wp-content\/uploads\/2025\/07\/043A9398-768x421.jpg 768w, https:\/\/www.alluharrastaa.com\/blog\/wp-content\/uploads\/2025\/07\/043A9398-1536x842.jpg 1536w, https:\/\/www.alluharrastaa.com\/blog\/wp-content\/uploads\/2025\/07\/043A9398-2048x1123.jpg 2048w\" sizes=\"auto, (max-width: 1024px) 100vw, 1024px\" \/><figcaption class=\"wp-element-caption\">Storrostahytta (Statskog)<\/figcaption><\/figure>\n\n\n\n<figure class=\"wp-block-image size-large\"><img loading=\"lazy\" decoding=\"async\" width=\"724\" height=\"459\" data-id=\"192\" src=\"https:\/\/www.alluharrastaa.com\/blog\/wp-content\/uploads\/2025\/07\/DJI_0077.jpg\" alt=\"\" class=\"wp-image-192\" srcset=\"https:\/\/www.alluharrastaa.com\/blog\/wp-content\/uploads\/2025\/07\/DJI_0077.jpg 724w, https:\/\/www.alluharrastaa.com\/blog\/wp-content\/uploads\/2025\/07\/DJI_0077-300x190.jpg 300w\" sizes=\"auto, (max-width: 724px) 100vw, 724px\" \/><figcaption class=\"wp-element-caption\">lerkevannskoia (Fefo)<\/figcaption><\/figure>\n<\/figure>\n\n\n\n<p class=\"has-small-font-size\" style=\"text-transform:none\">Norjassa on kuitenkin lukuisia maksuttomia tupia. Esimerkiksi Statskogin yll\u00e4pit\u00e4m\u00e4t tuvat ovat p\u00e4\u00e4s\u00e4\u00e4nt\u00f6isesti avoimia ja maksuttomia. Ne on listattu Statskogin sivuilla. Lis\u00e4ksi Norjassa on p\u00e4\u00e4asiassa viranomaisk\u00e4yt\u00f6ss\u00e4 olevia k\u00e4mppi\u00e4, joissa saattaa olla my\u00f6s avoin puoli. T\u00e4llainen k\u00e4mpp\u00e4 on esimerkiksi Lossuj\u00e4rvell\u00e4 l\u00e4hell\u00e4 Suomen rajaa.<\/p>\n\n\n\n<p class=\"has-small-font-size\" style=\"text-transform:none\">Kaikille norjalaisille tuville yhteist\u00e4 kuitenkin on, ett\u00e4 ne ovat v\u00e4hemm\u00e4n \u201der\u00e4henkisi\u00e4\u201d kuin Suomen tuvat. Tupia on usein sisustettu, ikkunoissa voi olla verhot ja seinill\u00e4 jopa tauluja. Posliiniastiasto, vaikka pienikin, tuvilta l\u00f6ytyy l\u00e4hes poikkeuksetta. Toisaalta etenkin avoimien tupien kesken erot varustelussa, siisteydess\u00e4 ja huollon tasossa voivat olla suuria.<\/p>\n\n\n\n<p class=\"has-large-font-size\" style=\"text-transform:none\"><strong>Ruotsi<\/strong><\/p>\n\n\n\n<p class=\"has-small-font-size\" style=\"text-transform:none\">Ruotsi poikkeaa tupien suhteen erityisesti Suomesta, mutta my\u00f6s Norjasta siin\u00e4, ett\u00e4 avoimia maksuttomia k\u00e4mppi\u00e4 ei juuri ole.<\/p>\n\n\n\n<p class=\"has-small-font-size\" style=\"text-transform:none\">Ruotsissa suurin tunturitupien yll\u00e4pit\u00e4j\u00e4 on <a href=\"https:\/\/www.svenskaturistforeningen.se\/\">Svenska Turistf\u00f6reningen (STF)<\/a>, joka tarjoaa maksullisten tunturitupien lis\u00e4ksi my\u00f6s hotellimaista majoitusta tunturiasemilla, joita on suosittujen tunturikohteiden l\u00e4hist\u00f6ll\u00e4 (esim. Kebnekaisella, Saltoluoktassa ja Ritsemiss\u00e4). Tunturiasemat ovat kesken\u00e4\u00e4n varsin erilaisia, mutta ne ovat vaeltamista ajatellen varsinaista luksusta suihkuineen ja vesivessoineen. Tunturiasemilla on myynniss\u00e4 ruokaa ja l\u00f6ytyyp\u00e4 niilt\u00e4 my\u00f6s ravintolapalveluita. Tunturiasemien pihalla voi majoittua my\u00f6s teltassa ja muutaman sadan kruunun maksua vastaan saa t\u00e4ll\u00f6in hy\u00f6dynt\u00e4\u00e4 tunturiaseman palveluita.<\/p>\n\n\n\n<p class=\"has-small-font-size\" style=\"text-transform:none\">&nbsp;STF:n varsinaiset tunturituvat ovat hyvin varusteltuja. Tuvat ovat isoja ja niiss\u00e4 on usein majoitustilaa runsaasti. Huoneissa on patjat, t\u00e4kit ja tyynyt. Tuvissa on my\u00f6s hyvin varusteltu keitti\u00f6 asiastoineen ja valmiine tiskiaineineen ja k\u00e4sideseineen.<\/p>\n\n\n\n<div class=\"wp-block-columns is-layout-flex wp-container-core-columns-is-layout-28f84493 wp-block-columns-is-layout-flex\">\n<div class=\"wp-block-column is-layout-flow wp-block-column-is-layout-flow\" style=\"flex-basis:100%\">\n<figure class=\"wp-block-gallery has-nested-images columns-default is-cropped wp-block-gallery-4 is-layout-flex wp-block-gallery-is-layout-flex\">\n<figure class=\"wp-block-image size-large\"><img loading=\"lazy\" decoding=\"async\" width=\"1024\" height=\"611\" data-id=\"197\" src=\"https:\/\/www.alluharrastaa.com\/blog\/wp-content\/uploads\/2025\/07\/IMGL6879-1024x611.jpg\" alt=\"\" class=\"wp-image-197\" srcset=\"https:\/\/www.alluharrastaa.com\/blog\/wp-content\/uploads\/2025\/07\/IMGL6879-1024x611.jpg 1024w, https:\/\/www.alluharrastaa.com\/blog\/wp-content\/uploads\/2025\/07\/IMGL6879-300x179.jpg 300w, https:\/\/www.alluharrastaa.com\/blog\/wp-content\/uploads\/2025\/07\/IMGL6879-768x458.jpg 768w, https:\/\/www.alluharrastaa.com\/blog\/wp-content\/uploads\/2025\/07\/IMGL6879.jpg 1083w\" sizes=\"auto, (max-width: 1024px) 100vw, 1024px\" \/><figcaption class=\"wp-element-caption\">p\u00e4ltsastugan<\/figcaption><\/figure>\n\n\n\n<figure class=\"wp-block-image size-large\"><img loading=\"lazy\" decoding=\"async\" width=\"1024\" height=\"692\" data-id=\"198\" src=\"https:\/\/www.alluharrastaa.com\/blog\/wp-content\/uploads\/2025\/07\/043A1078-1024x692.jpg\" alt=\"\" class=\"wp-image-198\" srcset=\"https:\/\/www.alluharrastaa.com\/blog\/wp-content\/uploads\/2025\/07\/043A1078-1024x692.jpg 1024w, https:\/\/www.alluharrastaa.com\/blog\/wp-content\/uploads\/2025\/07\/043A1078-300x203.jpg 300w, https:\/\/www.alluharrastaa.com\/blog\/wp-content\/uploads\/2025\/07\/043A1078-768x519.jpg 768w, https:\/\/www.alluharrastaa.com\/blog\/wp-content\/uploads\/2025\/07\/043A1078-1536x1038.jpg 1536w, https:\/\/www.alluharrastaa.com\/blog\/wp-content\/uploads\/2025\/07\/043A1078-2048x1384.jpg 2048w\" sizes=\"auto, (max-width: 1024px) 100vw, 1024px\" \/><figcaption class=\"wp-element-caption\">avtsjusv\u00e1gge (vindskydd)<\/figcaption><\/figure>\n\n\n\n<figure class=\"wp-block-image size-large\"><img loading=\"lazy\" decoding=\"async\" width=\"1024\" height=\"641\" data-id=\"199\" src=\"https:\/\/www.alluharrastaa.com\/blog\/wp-content\/uploads\/2025\/07\/043A8761-1024x641.jpg\" alt=\"\" class=\"wp-image-199\" srcset=\"https:\/\/www.alluharrastaa.com\/blog\/wp-content\/uploads\/2025\/07\/043A8761-1024x641.jpg 1024w, https:\/\/www.alluharrastaa.com\/blog\/wp-content\/uploads\/2025\/07\/043A8761-300x188.jpg 300w, https:\/\/www.alluharrastaa.com\/blog\/wp-content\/uploads\/2025\/07\/043A8761-768x481.jpg 768w, https:\/\/www.alluharrastaa.com\/blog\/wp-content\/uploads\/2025\/07\/043A8761-1536x961.jpg 1536w, https:\/\/www.alluharrastaa.com\/blog\/wp-content\/uploads\/2025\/07\/043A8761-2048x1281.jpg 2048w\" sizes=\"auto, (max-width: 1024px) 100vw, 1024px\" \/><figcaption class=\"wp-element-caption\">rostoj\u00e4rvi<\/figcaption><\/figure>\n\n\n\n<figure class=\"wp-block-image size-large\"><img loading=\"lazy\" decoding=\"async\" width=\"1024\" height=\"658\" data-id=\"200\" src=\"https:\/\/www.alluharrastaa.com\/blog\/wp-content\/uploads\/2025\/07\/043A0986-1024x658.jpg\" alt=\"\" class=\"wp-image-200\" srcset=\"https:\/\/www.alluharrastaa.com\/blog\/wp-content\/uploads\/2025\/07\/043A0986-1024x658.jpg 1024w, https:\/\/www.alluharrastaa.com\/blog\/wp-content\/uploads\/2025\/07\/043A0986-300x193.jpg 300w, https:\/\/www.alluharrastaa.com\/blog\/wp-content\/uploads\/2025\/07\/043A0986-768x493.jpg 768w, https:\/\/www.alluharrastaa.com\/blog\/wp-content\/uploads\/2025\/07\/043A0986-1536x987.jpg 1536w, https:\/\/www.alluharrastaa.com\/blog\/wp-content\/uploads\/2025\/07\/043A0986-2048x1316.jpg 2048w\" sizes=\"auto, (max-width: 1024px) 100vw, 1024px\" \/><figcaption class=\"wp-element-caption\">saltoluokta fj\u00e4llstation<\/figcaption><\/figure>\n\n\n\n<figure class=\"wp-block-image size-large\"><img loading=\"lazy\" decoding=\"async\" width=\"1024\" height=\"716\" data-id=\"201\" src=\"https:\/\/www.alluharrastaa.com\/blog\/wp-content\/uploads\/2025\/07\/DJI_0346-1024x716.jpg\" alt=\"\" class=\"wp-image-201\" srcset=\"https:\/\/www.alluharrastaa.com\/blog\/wp-content\/uploads\/2025\/07\/DJI_0346-1024x716.jpg 1024w, https:\/\/www.alluharrastaa.com\/blog\/wp-content\/uploads\/2025\/07\/DJI_0346-300x210.jpg 300w, https:\/\/www.alluharrastaa.com\/blog\/wp-content\/uploads\/2025\/07\/DJI_0346-768x537.jpg 768w, https:\/\/www.alluharrastaa.com\/blog\/wp-content\/uploads\/2025\/07\/DJI_0346-1536x1074.jpg 1536w, https:\/\/www.alluharrastaa.com\/blog\/wp-content\/uploads\/2025\/07\/DJI_0346-2048x1432.jpg 2048w\" sizes=\"auto, (max-width: 1024px) 100vw, 1024px\" \/><figcaption class=\"wp-element-caption\">ritsem fj\u00e4llstation<\/figcaption><\/figure>\n<\/figure>\n<\/div>\n<\/div>\n\n\n\n<p class=\"has-small-font-size\" style=\"text-transform:none\">J\u00e4rjestyksen yll\u00e4pitoa ja huoltoa varten STF:n tuvilla on tupavahdit, jotka opastavat majoittujia ja joille majoituksen voi maksaa, ellei sit\u00e4 ole varannut (ja maksanut) etuk\u00e4teen. Useimmilla tuvilla voi maksaa kortilla, mutta k\u00e4teist\u00e4 on hyv\u00e4 olla matkassa. STF:n j\u00e4senet saavat tuvilla alennuksen. STF:n j\u00e4senmaksu tulee kuitatuksi jo muutaman tupay\u00f6n j\u00e4lkeen, eli jos on aikeissa suunnata ruotsalaisille vaellusreiteille, kannattaa j\u00e4senyytt\u00e4 harkita yhdenkin reissun vuoksi.<\/p>\n\n\n\n<p class=\"has-small-font-size\" style=\"text-transform:none\">My\u00f6s tunturitupien tuntumassa saa telttailla, jolloin palvelumaksun maksamalla saa hy\u00f6dynt\u00e4\u00e4 tuvan sis\u00e4tiloja esimerkiksi varusteiden kuivaukseen ja ruuanlaittoon. Suosituilla reiteill\u00e4 ja sesonkiaikana tuvilla voi olla ruuhkaa.&nbsp;<\/p>\n\n\n\n<p class=\"has-small-font-size\" style=\"text-transform:none\">Avoimet ja maksuttomat tuvat ovat Ruotsissa harvassa. Jotkin porok\u00e4mp\u00e4t voivat olla avoimia, jolloin niiden k\u00e4ytt\u00e4minen on periaatteessa mahdollista. Porok\u00e4mp\u00e4t ovat kuitenkin paikallisten omistuksessa, joten niiss\u00e4 majoittuminen ei ole automaattisesti sallittua, vaikka k\u00e4mpp\u00e4\u00e4 ei olisikaan lukittu. Lis\u00e4ksi Ruotsissa on yksinkertaisia tunturitupia (ns. <em>vindskydd<\/em>), jotka on tarkoitettu l\u00e4hinn\u00e4 h\u00e4t\u00e4suojiksi eik\u00e4 tavalliseen majoittumiseen. Niiden varustelu on yksinkertaista ja y\u00f6pyminen ilman h\u00e4t\u00e4tilannetta on usein my\u00f6s kielletty\u00e4.<\/p>\n\n\n\n<p class=\"has-small-font-size\" style=\"text-transform:none\">Ruotsissa on my\u00f6s yksityishenkil\u00f6iden yll\u00e4pit\u00e4mi\u00e4 k\u00e4mppi\u00e4, joissa majoittuminen onnistuu. T\u00e4llainen kohde on esimerkiksi Rostoj\u00e4rvell\u00e4, jonka \u201dleiriss\u00e4\u201d voi vuokrata k\u00e4mp\u00e4n silloin, kun is\u00e4nt\u00e4 on paikalla. Rostoj\u00e4rven sesonki on kev\u00e4ttalvella ja kes\u00e4ll\u00e4.<\/p>\n","protected":false},"excerpt":{"rendered":"<p>Luettelo vierailluista k\u00e4mpist\u00e4 ja tuvista Tupa tunturissa tai er\u00e4maassa on monelle kulkijalle ripaus luksusta vaelluksen keskell\u00e4. Mik\u00e4 onkaan ihanampaa kuin p\u00e4\u00e4st\u00e4 l\u00e4mpim\u00e4\u00e4n tupaan kuivattelemaan sateen kastelemia kamppeita! Tai oikaista selk\u00e4 tuvan laverille pitk\u00e4n k\u00e4velyn tai hiihdon p\u00e4\u00e4tteeksi. Tai nauttia hiljaisuudesta ja lueskella kulkijoiden kertomuksia vieraskirjoista. Tupa on my\u00f6s turvallisuuskysymys, etenkin huonon kelin tai onnettomuuden sattuessa [&hellip;]<\/p>\n","protected":false},"author":1,"featured_media":50,"parent":0,"menu_order":0,"comment_status":"closed","ping_status":"closed","template":"","meta":{"footnotes":""},"class_list":["post-47","page","type-page","status-publish","has-post-thumbnail","hentry"],"_links":{"self":[{"href":"https:\/\/www.alluharrastaa.com\/blog\/wp-json\/wp\/v2\/pages\/47","targetHints":{"allow":["GET"]}}],"collection":[{"href":"https:\/\/www.alluharrastaa.com\/blog\/wp-json\/wp\/v2\/pages"}],"about":[{"href":"https:\/\/www.alluharrastaa.com\/blog\/wp-json\/wp\/v2\/types\/page"}],"author":[{"embeddable":true,"href":"https:\/\/www.alluharrastaa.com\/blog\/wp-json\/wp\/v2\/users\/1"}],"replies":[{"embeddable":true,"href":"https:\/\/www.alluharrastaa.com\/blog\/wp-json\/wp\/v2\/comments?post=47"}],"version-history":[{"count":15,"href":"https:\/\/www.alluharrastaa.com\/blog\/wp-json\/wp\/v2\/pages\/47\/revisions"}],"predecessor-version":[{"id":415,"href":"https:\/\/www.alluharrastaa.com\/blog\/wp-json\/wp\/v2\/pages\/47\/revisions\/415"}],"wp:featuredmedia":[{"embeddable":true,"href":"https:\/\/www.alluharrastaa.com\/blog\/wp-json\/wp\/v2\/media\/50"}],"wp:attachment":[{"href":"https:\/\/www.alluharrastaa.com\/blog\/wp-json\/wp\/v2\/media?parent=47"}],"curies":[{"name":"wp","href":"https:\/\/api.w.org\/{rel}","templated":true}]}}