{"id":34,"date":"2024-08-24T11:24:10","date_gmt":"2024-08-24T11:24:10","guid":{"rendered":"https:\/\/www.alluharrastaa.com\/blog\/?page_id=34"},"modified":"2025-07-09T01:51:49","modified_gmt":"2025-07-08T22:51:49","slug":"varusteet","status":"publish","type":"page","link":"https:\/\/www.alluharrastaa.com\/blog\/varusteet\/","title":{"rendered":"varusteet ja ruoka"},"content":{"rendered":"\n<p style=\"text-transform:none\"><a href=\"https:\/\/www.alluharrastaa.com\/blog\/kesa-ja-syysvaelluksen-varustelista\/\">Kes\u00e4- ja syysvaelluksen varustelista<\/a><\/p>\n\n\n\n<p style=\"text-transform:none\"><a href=\"https:\/\/www.alluharrastaa.com\/blog\/talvivaelluksen-varustelista\/\">Talvivaelluksen varustelista<\/a><\/p>\n\n\n\n<p style=\"text-transform:none\"><a href=\"https:\/\/www.alluharrastaa.com\/blog\/vaellusruoka\/\">Mit\u00e4 vaelluksella sy\u00f6d\u00e4\u00e4n?<\/a><\/p>\n\n\n\n<p style=\"text-transform:none\">Vaellukseen liittyy olennaisesti kysymys varusteista. Kun suunnataan maastoon ja polkujen ulkopuolelle, on varusteiden syyt\u00e4 olla sellaiset, joilla p\u00e4rj\u00e4\u00e4. Varsinaista v\u00e4liurheilua vaeltamisen ei etenk\u00e4\u00e4n kes\u00e4aikaan tarvitse olla, mutta hyv\u00e4t varusteet tekev\u00e4t vaelluksesta kuitenkin mukavampaa. Huonossakin s\u00e4\u00e4ss\u00e4 on mukavampaa, kun pysyy mahdollisimman kuivana ja l\u00e4mpim\u00e4n\u00e4.&nbsp;Vaikka en varsinaisesti kevytretkeilij\u00e4 olekaan, varusteiden keveys ja kest\u00e4vyys ovat t\u00e4rkeit\u00e4 ominaisuuksia.<\/p>\n\n\n\n<p style=\"text-transform:none\">Varusteita pohtiessa ei voi v\u00e4ltty\u00e4 ajatukselta, ett\u00e4 vaellus on kallis harrastus. Toki erin\u00e4isiin vermeisiin saa upotettua rahaa kiinni, mutta onneksi hankinnat ovat usein my\u00f6s pitk\u00e4ik\u00e4isi\u00e4. Esimerkiksi laadukas rinkka maksaa uutena helposti 300-400 euroa, talvimakuupussiin ja laadukkaaseen telttaan saa k\u00e4ytetty\u00e4 tonnin kumpaankin. Toisaalta kerran hankitut hyv\u00e4t varusteet kest\u00e4v\u00e4t parhaimmillaan vuosikaudet ja ovat my\u00f6s korjattavissa. Vaatteet luonnollisesti kuluvat nopeammin, mutta niit\u00e4 tulee toki k\u00e4ytetty\u00e4 muutenkin ulkoillessa kuin vain vaelluksilla.<\/p>\n\n\n\n<p style=\"text-transform:none\">Kaikkea ei my\u00f6sk\u00e4\u00e4n tarvitse ostaa kerralla. Kun tein ensimm\u00e4isi\u00e4 vaelluksiani, l\u00e4hes kaikki isommat kamppeet vaatteita lukuunottamatta olivat lainattuja: teltta, rinkka, trangia, joskus my\u00f6s makuupussi&#8230; Olen hankkinut omia varusteita pikku hiljaa ja vaellusten vaatimustason kasvaessa.<\/p>\n\n\n\n<p style=\"text-transform:none\">Vaikka vuodenaika ja vaelluksen kohde vaikuttavat vaeltamiseen aika lailla, vaellukselle t\u00e4ytyy ottaa l\u00e4hes aina samat varusteet. Kes\u00e4ll\u00e4kin Lapissa (erityisesti Yl\u00e4-Lapin tunturialueella ja K\u00e4sivarressa) voi olla hyvin kylm\u00e4, joten jokaisella vaelluksella t\u00e4ytyy siis varautua jossain m\u00e4\u00e4rin kaikenlaiseen s\u00e4\u00e4h\u00e4n. T\u00e4m\u00e4 tarkoittaa sit\u00e4, ettei varusteista voi yleens\u00e4 tinki\u00e4, vaan mukana on oltava my\u00f6s l\u00e4mmint\u00e4 vaatetta.<\/p>\n\n\n\n<p style=\"text-transform:none\">Ruoka on sitten oma juttunsa. Vaellussapuskan osalta on monia koulukuntia. T\u00e4rkeint\u00e4 on, ett\u00e4 ruoka on riitt\u00e4v\u00e4n energiapitoista ja ett\u00e4 sit\u00e4 on tarpeeksi. Talvella energiankulutus on valtavasti kes\u00e4aikaa suurempaa. Talvella toisaalta kaikki s\u00e4ilyy (=j\u00e4\u00e4tyy), joten mukaan voi ottaa my\u00f6s sellaista ruokaa, joka menisi kes\u00e4ll\u00e4 pilalle. Vuodenajasta riippumatta kuivaan suuren osan ruuasta itse. Erilaiset valmispussiruoat ovat my\u00f6s k\u00e4yt\u00e4nn\u00f6llisi\u00e4. Ja herkkua pit\u00e4\u00e4 aina olla mukana. Vaelluksen ei pid\u00e4 olla liian askeettista.<\/p>\n\n\n\n<p style=\"text-transform:none\">Retkeilyss\u00e4 ja vaeltamisessa ei kuitenkaan ole kyse varsinaisesti v\u00e4lineurheilusta. P\u00e4\u00e4asia on, ett\u00e4 l\u00e4htee ulos ja reissuun. Vaelluksilta ei yleens\u00e4 j\u00e4\u00e4 mieleen se, millaiset vermeet oli p\u00e4\u00e4ll\u00e4 tai mit\u00e4 mukana oli, vaan reissun el\u00e4mykset syntyv\u00e4t ihan muusta. Siksi kannattaisi aina l\u00e4hte\u00e4 ulos ja retkelle, kun siihen on mahdollisuus. Koskaan ei ole kaduttanut.<\/p>\n","protected":false},"excerpt":{"rendered":"<p>Kes\u00e4- ja syysvaelluksen varustelista Talvivaelluksen varustelista Mit\u00e4 vaelluksella sy\u00f6d\u00e4\u00e4n? Vaellukseen liittyy olennaisesti kysymys varusteista. Kun suunnataan maastoon ja polkujen ulkopuolelle, on varusteiden syyt\u00e4 olla sellaiset, joilla p\u00e4rj\u00e4\u00e4. Varsinaista v\u00e4liurheilua vaeltamisen ei etenk\u00e4\u00e4n kes\u00e4aikaan tarvitse olla, mutta hyv\u00e4t varusteet tekev\u00e4t vaelluksesta kuitenkin mukavampaa. Huonossakin s\u00e4\u00e4ss\u00e4 on mukavampaa, kun pysyy mahdollisimman kuivana ja l\u00e4mpim\u00e4n\u00e4.&nbsp;Vaikka en varsinaisesti kevytretkeilij\u00e4 [&hellip;]<\/p>\n","protected":false},"author":1,"featured_media":0,"parent":0,"menu_order":0,"comment_status":"closed","ping_status":"closed","template":"","meta":{"footnotes":""},"class_list":["post-34","page","type-page","status-publish","hentry"],"_links":{"self":[{"href":"https:\/\/www.alluharrastaa.com\/blog\/wp-json\/wp\/v2\/pages\/34","targetHints":{"allow":["GET"]}}],"collection":[{"href":"https:\/\/www.alluharrastaa.com\/blog\/wp-json\/wp\/v2\/pages"}],"about":[{"href":"https:\/\/www.alluharrastaa.com\/blog\/wp-json\/wp\/v2\/types\/page"}],"author":[{"embeddable":true,"href":"https:\/\/www.alluharrastaa.com\/blog\/wp-json\/wp\/v2\/users\/1"}],"replies":[{"embeddable":true,"href":"https:\/\/www.alluharrastaa.com\/blog\/wp-json\/wp\/v2\/comments?post=34"}],"version-history":[{"count":8,"href":"https:\/\/www.alluharrastaa.com\/blog\/wp-json\/wp\/v2\/pages\/34\/revisions"}],"predecessor-version":[{"id":315,"href":"https:\/\/www.alluharrastaa.com\/blog\/wp-json\/wp\/v2\/pages\/34\/revisions\/315"}],"wp:attachment":[{"href":"https:\/\/www.alluharrastaa.com\/blog\/wp-json\/wp\/v2\/media?parent=34"}],"curies":[{"name":"wp","href":"https:\/\/api.w.org\/{rel}","templated":true}]}}