{"id":262,"date":"2025-07-09T00:49:25","date_gmt":"2025-07-08T21:49:25","guid":{"rendered":"https:\/\/www.alluharrastaa.com\/blog\/?page_id=262"},"modified":"2025-07-31T23:29:31","modified_gmt":"2025-07-31T20:29:31","slug":"kesa-ja-syysvaelluksen-varustelista","status":"publish","type":"page","link":"https:\/\/www.alluharrastaa.com\/blog\/kesa-ja-syysvaelluksen-varustelista\/","title":{"rendered":"Kes\u00e4- ja syysvaelluksen varustelista"},"content":{"rendered":"\n<p style=\"text-transform:none\">Jaan varusteet listassani kahteen ryhm\u00e4\u00e4n: varusteisiin ja vaatteisiin. Lis\u00e4ksi minulla on mukana aina kamera ja siihen erin\u00e4isi\u00e4 tarvikkeita. Varusteiden ohessa mukana on tietysti aina riitt\u00e4v\u00e4 m\u00e4\u00e4r\u00e4 sapuskaa. Varusten\u00e4k\u00f6kulmasta t\u00e4rke\u00e4\u00e4 on tietysti huomioida ruoan valmistukseen ja s\u00e4ilytt\u00e4miseen liittyv\u00e4t varusteet, kuten keitin ja sen polttoaine, vesiastiat ja kuivas\u00e4kit.<\/p>\n\n\n\n<p style=\"text-transform:none\">Niin sanottu sulan maan vaeltaminen eroaa talvivaelluksesta etenkin siin\u00e4, ett\u00e4 kaikki tavarat on kannettava rinkassa. Siten kaikki ylim\u00e4\u00e4r\u00e4inen paino on syyt\u00e4 karsia pois. Toisaalta kes\u00e4ll\u00e4 vaatteiden ei tarvitse olla yht\u00e4 l\u00e4mpimi\u00e4 ja energiaa kuluu v\u00e4hemm\u00e4n. <\/p>\n\n\n\n<figure class=\"wp-block-gallery has-nested-images columns-2 is-cropped wp-block-gallery-1 is-layout-flex wp-block-gallery-is-layout-flex\">\n<figure class=\"wp-block-image size-large\"><img loading=\"lazy\" decoding=\"async\" width=\"1024\" height=\"683\" data-id=\"304\" src=\"https:\/\/www.alluharrastaa.com\/blog\/wp-content\/uploads\/2025\/07\/G0147158-1024x683.jpg\" alt=\"\" class=\"wp-image-304\" srcset=\"https:\/\/www.alluharrastaa.com\/blog\/wp-content\/uploads\/2025\/07\/G0147158-1024x683.jpg 1024w, https:\/\/www.alluharrastaa.com\/blog\/wp-content\/uploads\/2025\/07\/G0147158-300x200.jpg 300w, https:\/\/www.alluharrastaa.com\/blog\/wp-content\/uploads\/2025\/07\/G0147158-768x512.jpg 768w, https:\/\/www.alluharrastaa.com\/blog\/wp-content\/uploads\/2025\/07\/G0147158-1536x1024.jpg 1536w, https:\/\/www.alluharrastaa.com\/blog\/wp-content\/uploads\/2025\/07\/G0147158.jpg 1900w\" sizes=\"auto, (max-width: 1024px) 100vw, 1024px\" \/><\/figure>\n\n\n\n<figure class=\"wp-block-image size-large\"><img loading=\"lazy\" decoding=\"async\" width=\"1024\" height=\"683\" data-id=\"305\" src=\"https:\/\/www.alluharrastaa.com\/blog\/wp-content\/uploads\/2025\/07\/G0019184-1024x683.jpg\" alt=\"\" class=\"wp-image-305\" srcset=\"https:\/\/www.alluharrastaa.com\/blog\/wp-content\/uploads\/2025\/07\/G0019184-1024x683.jpg 1024w, https:\/\/www.alluharrastaa.com\/blog\/wp-content\/uploads\/2025\/07\/G0019184-300x200.jpg 300w, https:\/\/www.alluharrastaa.com\/blog\/wp-content\/uploads\/2025\/07\/G0019184-768x512.jpg 768w, https:\/\/www.alluharrastaa.com\/blog\/wp-content\/uploads\/2025\/07\/G0019184.jpg 1179w\" sizes=\"auto, (max-width: 1024px) 100vw, 1024px\" \/><\/figure>\n\n\n\n<figure class=\"wp-block-image size-large\"><img loading=\"lazy\" decoding=\"async\" width=\"1005\" height=\"670\" data-id=\"303\" src=\"https:\/\/www.alluharrastaa.com\/blog\/wp-content\/uploads\/2025\/07\/IMGL0164.jpg\" alt=\"\" class=\"wp-image-303\" srcset=\"https:\/\/www.alluharrastaa.com\/blog\/wp-content\/uploads\/2025\/07\/IMGL0164.jpg 1005w, https:\/\/www.alluharrastaa.com\/blog\/wp-content\/uploads\/2025\/07\/IMGL0164-300x200.jpg 300w, https:\/\/www.alluharrastaa.com\/blog\/wp-content\/uploads\/2025\/07\/IMGL0164-768x512.jpg 768w\" sizes=\"auto, (max-width: 1005px) 100vw, 1005px\" \/><\/figure>\n\n\n\n<figure class=\"wp-block-image size-large\"><img loading=\"lazy\" decoding=\"async\" width=\"1024\" height=\"682\" data-id=\"302\" src=\"https:\/\/www.alluharrastaa.com\/blog\/wp-content\/uploads\/2025\/07\/Kolmen-valtakunnan-vaellus_13-1024x682.jpg\" alt=\"\" class=\"wp-image-302\" srcset=\"https:\/\/www.alluharrastaa.com\/blog\/wp-content\/uploads\/2025\/07\/Kolmen-valtakunnan-vaellus_13-1024x682.jpg 1024w, https:\/\/www.alluharrastaa.com\/blog\/wp-content\/uploads\/2025\/07\/Kolmen-valtakunnan-vaellus_13-300x200.jpg 300w, https:\/\/www.alluharrastaa.com\/blog\/wp-content\/uploads\/2025\/07\/Kolmen-valtakunnan-vaellus_13-768x512.jpg 768w, https:\/\/www.alluharrastaa.com\/blog\/wp-content\/uploads\/2025\/07\/Kolmen-valtakunnan-vaellus_13.jpg 1076w\" sizes=\"auto, (max-width: 1024px) 100vw, 1024px\" \/><\/figure>\n<\/figure>\n\n\n\n<figure style=\"text-transform:none\" class=\"wp-block-table has-x-small-font-size\"><table><thead><tr><th>Varusteet<\/th><th>Huomioita<\/th><\/tr><\/thead><tbody><tr><td>Rinkka + sadesuoja<\/td><td>Riitt\u00e4v\u00e4n iso. Grammanviilaajilla menee pienempikin, mutta itse k\u00e4yt\u00e4n vanhaa kunnon putkirinkkaa (Savotan 906). Kest\u00e4\u00e4 vaikka ydinr\u00e4j\u00e4hdyksen ja helppo pakata.<\/td><\/tr><tr><td>Pikkureppu<\/td><td>Toisinaan turha, mutta jos tekee leirist\u00e4 p\u00e4iv\u00e4retki\u00e4 tms, saa mukaan tarvittavat.<\/td><\/tr><tr><td>Teltta<\/td><td>Jonkinlainen majoite on aina syyt\u00e4 olla mukana, vaikka reitti tukeutuisi autiotupiin. Sulan maan yksinvaelluksilla k\u00e4yt\u00e4 pikkuruista Helsportin Ringstind superlight 1-2:sta. Painoa hieman alle kilo, ja hyvin on kest\u00e4nyt kovatkin puhurit.<\/td><\/tr><tr><td>Makuualusta<\/td><td>T\u00e4ll\u00e4 hetkell\u00e4 k\u00e4yt\u00f6ss\u00e4 Expedin untuvat\u00e4ytteinen alusta. Painaa tuplasti solumuoviin n\u00e4hden, mutta mukavuus edell\u00e4&#8230;<\/td><\/tr><tr><td>Makuupussi<\/td><td>Kolmen vuodenajan pussi, vesitiiviisti kuivapussiin pakattuna. <\/td><\/tr><tr><td>Vaellussauvat<\/td><td>Ehdottomat vesist\u00f6jen ylityksiss\u00e4 ja\/tai jyrkki\u00e4 rinteit\u00e4 laskeutuessa.<\/td><\/tr><tr><td>Keitin (esim. trangia)<\/td><td>K\u00e4yt\u00e4n Trangian kaasuversiota. Painava combo, mutta olen siihen tottunut. Toimii my\u00f6s s\u00e4\u00e4ss\u00e4 kuin s\u00e4\u00e4ss\u00e4 ja kattilat pakkautuvat k\u00e4tev\u00e4sti.<\/td><\/tr><tr><td>Kaasu<\/td><td>50 g kaasua per vuorokausi. Etenkin kes\u00e4ll\u00e4 yleens\u00e4 v\u00e4hempikin riitt\u00e4\u00e4.<\/td><\/tr><tr><td>Tulitikkuja<\/td><td>Paljon ja joka paikkaan tungettuna, pieniin minigrip-pusseihin pakattuna. Onpahan aina k\u00e4sill\u00e4 tarvittaessa.<\/td><\/tr><tr><td>Kuksa tai muu juomamuki<\/td><td>Kuksa sen olla pit\u00e4\u00e4. Fiiliskysymys.<\/td><\/tr><tr><td>Aterimet<\/td><td>Lusikka-haarukka tai vastaava. Lis\u00e4ksi erillinen astiasetti voi olla k\u00e4tev\u00e4, erityisesti jos aikoo poimia marjoja puuroon tms.<\/td><\/tr><tr><td>Termospullo<\/td><td>Etenkin syysvaelluksella pieni (0,5 litraa) termospullo.<\/td><\/tr><tr><td>Vesipullo(t)<\/td><td>Armeijan vanha kentt\u00e4pullo (1 litra) on hyv\u00e4, vaikka n\u00e4idenkin kanssa voi hifistell\u00e4&#8230;<\/td><\/tr><tr><td>Vesipussi<\/td><td>Kahden litran letkullinen s\u00e4kki menee rinkan p\u00e4\u00e4ll\u00e4 mukavasti ja siit\u00e4 voi h\u00f6rppi\u00e4 pitkin matkaa.<\/td><\/tr><tr><td>Tiskiharja ja -aine<\/td><td>Tiskiaine pieness\u00e4 vanhassa k\u00e4sidesipullossa. <\/td><\/tr><tr><td>Kartat ja kompassi<\/td><td>Paperikartta mukana, aina!<\/td><\/tr><tr><td>Vihko ja kyni\u00e4<\/td><td>Koska miten muuten voi tehd\u00e4 muistiinpanoja?<\/td><\/tr><tr><td>Kynttil\u00f6it\u00e4<\/td><td>Koska vaelluksellakin voi olla romantiikkaa! No, autiotuvilla ihan k\u00e4tevi\u00e4, ettei tarvitse koko ajan otsalampulla sohia. Sis\u00e4ll\u00e4 tuvissa on usein h\u00e4m\u00e4r\u00e4\u00e4.<\/td><\/tr><tr><td>GPS-laite ja inReach<\/td><td>K\u00e4yt\u00e4n pient\u00e4 Garminin k\u00e4sigepsi\u00e4 suunnistuksen tukena ja reitin piirt\u00e4miseen, sek\u00e4 lis\u00e4ksi inReach mini 2:sta, jolla voi l\u00e4hett\u00e4\u00e4 h\u00e4t\u00e4viestin, jakaa sijaintitietoa, l\u00e4hett\u00e4\u00e4 ja vastaanottaa tekstiviestej\u00e4 ja hakea s\u00e4\u00e4ennusteen.<\/td><\/tr><tr><td>Puhelin, lompakko ja avaimet<\/td><td>Syyt\u00e4 s\u00e4ilytt\u00e4\u00e4 siten, etteiv\u00e4t p\u00e4\u00e4se menem\u00e4\u00e4n hukkaan. Jos koko lompakkoa ei tarvitse, ainakin henkkarit, matkavakuutuskortti ja luottokortti. Plussa-korttia ei maastossa tarvitse.<\/td><\/tr><tr><td>Varavirtal\u00e4hteet ja kaapelit<\/td><td>Onneksi nykyisin kaikki toimii USB-C:ll\u00e4. Virtapankkeja kulutuksen mukaan. Jos ei k\u00e4yt\u00e4 muuta kuin puhelinta, yksi 10 000 mAh virtapankki riitt\u00e4\u00e4 hyvin viikoksi. Minulla on useimmiten mukana 2 x 20 000 mAh + 1 x 10 000 mAh pankit. Painoa noista kyll\u00e4 tulee jo, mutta drone ja kamerat viev\u00e4t virtaa\u2026<\/td><\/tr><tr><td>K\u00e4sidesi ja saippua<\/td><td>Kukaan ei halua paskatautia maastossa.<\/td><\/tr><tr><td>Pieni pyyhe<\/td><td>T\u00e4h\u00e4n voi vaikka kuivata naamataulun tai k\u00e4det. Tai vaikka itsens\u00e4 muutenkin, jos pulahtaa uimaan.<\/td><\/tr><tr><td>WC-paperi<\/td><td>Rulla per henkil\u00f6 per viikko riitt\u00e4\u00e4. S\u00e4ilytet\u00e4\u00e4n omassa kuivapussissaan.<\/td><\/tr><tr><td>Nen\u00e4liinoja<\/td><td>Siitep\u00f6lyt ja muut niiskuttaa.<\/td><\/tr><tr><td>Kuivapussit<\/td><td>Erikseen vaatteille, ruuille ja kosteusherkille tarvikkeille. Pieni s\u00e4l\u00e4 omissa minigrip-pusseissaan.<\/td><\/tr><tr><td>Hammasharja ja tahna.<\/td><td>Kukapa n\u00e4m\u00e4 pois j\u00e4tt\u00e4isi.<\/td><\/tr><tr><td>L\u00e4\u00e4kkeet<\/td><td>Henkil\u00f6kohtainen l\u00e4\u00e4kitys + v\u00e4hint\u00e4\u00e4n tulehduskipul\u00e4\u00e4kett\u00e4 riitt\u00e4v\u00e4sti. Joku perusvoide on my\u00f6s ihan k\u00e4tev\u00e4 pieness\u00e4 tuubissa.<\/td><\/tr><tr><td>Ensiaputarvikkeet<\/td><td>Ainakin laastaria, ideaalisidett\u00e4, pelastuslakana, haavanpuhdistusaine.<\/td><\/tr><tr><td>Jalkateippi<\/td><td>Urheiluteippi tms. N\u00e4in saattaa v\u00e4ltt\u00e4\u00e4 rakot.<\/td><\/tr><tr><td>Leatherman<\/td><td>Ilman t\u00e4t\u00e4 ei pid\u00e4 kotoa maastoon poistuman.<\/td><\/tr><tr><td>Puukko<\/td><td>Ainakin jos on tarve vuolla kiehisi\u00e4 tai pilkkoa puita. Tai taistella susien kanssa.<\/td><\/tr><tr><td>\u201dKorjaussarja\u201d<\/td><td>Nippusiteit\u00e4, narua, hakaneuloja, vaatteenpaikkausteippi\u00e4 (my\u00f6s jeesusteippi ajaa samaa asiaa)<\/td><\/tr><tr><td>Otsalamppu<\/td><td>Ja varapattereita. Tarpeen l\u00e4hinn\u00e4 syksyll\u00e4.<\/td><\/tr><tr><td>Perseenaluset<\/td><td>Eli solumuovisia istuinalustoja pari. Ovat telttatouhuissa tai ihan vain taukoa pit\u00e4ess\u00e4 ihan ykk\u00f6si\u00e4.<\/td><\/tr><tr><td>Kuivausr\u00e4tti<\/td><td>Keitti\u00f6r\u00e4tti tai vastaava. K\u00e4tev\u00e4 m\u00e4r\u00e4n teltan kuivaamiseen. Mukavampi pakata kuivana. <\/td><\/tr><tr><td>Irtohihnoja<\/td><td>N\u00e4ill\u00e4 voi korjata l\u00e4hes mit\u00e4 vaan.<\/td><\/tr><tr><td>Muovipusseja<\/td><td>Roskia ja likaisia tai m\u00e4rki\u00e4 vaatteita varten<\/td><\/tr><\/tbody><\/table><\/figure>\n\n\n\n<hr class=\"wp-block-separator has-alpha-channel-opacity\"\/>\n\n\n\n<p class=\"has-large-font-size\" style=\"text-transform:none\">Vaatteet<\/p>\n\n\n\n<p style=\"text-transform:none\">Vaatteiden kanssa kes\u00e4 on sik\u00e4li helppoa aikaa, ett\u00e4 vaatteet voivat olla kevyit\u00e4. Peitt\u00e4v\u00e4t vaatteet tarvitaan kuitenkin \u00f6t\u00f6k\u00f6iden vuoksi. Toisaalta kes\u00e4ll\u00e4kin voi olla kylm\u00e4, joten my\u00f6s l\u00e4mmint\u00e4 vaatetta tarvitaan. Kevytuntuvatakki kannattaa pakata kes\u00e4ll\u00e4kin, ellei s\u00e4\u00e4ennuste lupaa pelkk\u00e4\u00e4 hellett\u00e4. Syksymm\u00e4ll\u00e4 l\u00e4mmint\u00e4 vaatetta saa olla enemm\u00e4nkin. Pieni pakkanen menee helposti luihin ja ytimiin. Vaatteet s\u00e4ilytet\u00e4\u00e4n omassa kuivas\u00e4kiss\u00e4\u00e4n, poislukien taukopaita tai -takki. Lista on tehty noin viikon vaellusta ajatellen.<\/p>\n\n\n\n<figure class=\"wp-block-gallery has-nested-images columns-2 is-cropped wp-block-gallery-2 is-layout-flex wp-block-gallery-is-layout-flex\">\n<figure class=\"wp-block-image size-large\"><img loading=\"lazy\" decoding=\"async\" width=\"891\" height=\"594\" data-id=\"299\" src=\"https:\/\/www.alluharrastaa.com\/blog\/wp-content\/uploads\/2025\/07\/7D_5383.jpg\" alt=\"\" class=\"wp-image-299\" srcset=\"https:\/\/www.alluharrastaa.com\/blog\/wp-content\/uploads\/2025\/07\/7D_5383.jpg 891w, https:\/\/www.alluharrastaa.com\/blog\/wp-content\/uploads\/2025\/07\/7D_5383-300x200.jpg 300w, https:\/\/www.alluharrastaa.com\/blog\/wp-content\/uploads\/2025\/07\/7D_5383-768x512.jpg 768w\" sizes=\"auto, (max-width: 891px) 100vw, 891px\" \/><\/figure>\n\n\n\n<figure class=\"wp-block-image size-large\"><img loading=\"lazy\" decoding=\"async\" width=\"732\" height=\"488\" data-id=\"297\" src=\"https:\/\/www.alluharrastaa.com\/blog\/wp-content\/uploads\/2025\/07\/A-55.jpg\" alt=\"\" class=\"wp-image-297\" srcset=\"https:\/\/www.alluharrastaa.com\/blog\/wp-content\/uploads\/2025\/07\/A-55.jpg 732w, https:\/\/www.alluharrastaa.com\/blog\/wp-content\/uploads\/2025\/07\/A-55-300x200.jpg 300w\" sizes=\"auto, (max-width: 732px) 100vw, 732px\" \/><\/figure>\n\n\n\n<figure class=\"wp-block-image size-large\"><img loading=\"lazy\" decoding=\"async\" width=\"1024\" height=\"683\" data-id=\"300\" src=\"https:\/\/www.alluharrastaa.com\/blog\/wp-content\/uploads\/2025\/07\/G0347293-1024x683.jpg\" alt=\"\" class=\"wp-image-300\" srcset=\"https:\/\/www.alluharrastaa.com\/blog\/wp-content\/uploads\/2025\/07\/G0347293-1024x683.jpg 1024w, https:\/\/www.alluharrastaa.com\/blog\/wp-content\/uploads\/2025\/07\/G0347293-300x200.jpg 300w, https:\/\/www.alluharrastaa.com\/blog\/wp-content\/uploads\/2025\/07\/G0347293-768x512.jpg 768w, https:\/\/www.alluharrastaa.com\/blog\/wp-content\/uploads\/2025\/07\/G0347293.jpg 1167w\" sizes=\"auto, (max-width: 1024px) 100vw, 1024px\" \/><\/figure>\n\n\n\n<figure class=\"wp-block-image size-large\"><img loading=\"lazy\" decoding=\"async\" width=\"1024\" height=\"683\" data-id=\"298\" src=\"https:\/\/www.alluharrastaa.com\/blog\/wp-content\/uploads\/2025\/07\/IMG_9134-1024x683.jpg\" alt=\"\" class=\"wp-image-298\" srcset=\"https:\/\/www.alluharrastaa.com\/blog\/wp-content\/uploads\/2025\/07\/IMG_9134-1024x683.jpg 1024w, https:\/\/www.alluharrastaa.com\/blog\/wp-content\/uploads\/2025\/07\/IMG_9134-300x200.jpg 300w, https:\/\/www.alluharrastaa.com\/blog\/wp-content\/uploads\/2025\/07\/IMG_9134-768x512.jpg 768w, https:\/\/www.alluharrastaa.com\/blog\/wp-content\/uploads\/2025\/07\/IMG_9134.jpg 1097w\" sizes=\"auto, (max-width: 1024px) 100vw, 1024px\" \/><\/figure>\n<\/figure>\n\n\n\n<figure style=\"text-transform:none\" class=\"wp-block-table has-x-small-font-size\"><table><thead><tr><th>Vaatteet<\/th><th>Huomioita<\/th><\/tr><\/thead><tbody><tr><td>Vaelluskeng\u00e4t<\/td><td>Tukevat ja kest\u00e4v\u00e4t, ainakin jos kulkee kivikoissa. Ylim\u00e4\u00e4r\u00e4iset keng\u00e4nnauhat on hyv\u00e4 olla varalla mukana.<\/td><\/tr><tr><td>Sandaalit<\/td><td>Leiriin ja vesist\u00f6jen ylityksiin.<\/td><\/tr><tr><td>Kalsarit<\/td><td>Kolmet riitt\u00e4\u00e4 viikoksi<\/td><\/tr><tr><td>Paksut sukat<\/td><td>Kolme paria, vaelluskenkiin.<\/td><\/tr><tr><td>Villasukat<\/td><td>Telttaan ja y\u00f6n ajaksi<\/td><\/tr><tr><td>Kerrasto<\/td><td>Merinovillaa, niin ei ala haista. Ei v\u00e4ltt\u00e4m\u00e4tt\u00e4 tarpeen kes\u00e4ll\u00e4, jos kovin l\u00e4mmint\u00e4. Yhdell\u00e4 usein p\u00e4rj\u00e4\u00e4, syksyll\u00e4 voi olla toinenkin tarpeen.<\/td><\/tr><tr><td>Tekninen t-paita tai merinopaita<\/td><td>Tekniset paidat kest\u00e4v\u00e4t merinoa paremmin, mutta alkavat haista helpommin. <\/td><\/tr><tr><td>Pitk\u00e4hihainen vaelluspaita<\/td><td>N\u00e4it\u00e4 nyt on erilaisia&#8230; itse k\u00e4yt\u00e4n Fj\u00e4llr\u00e4venin bambusekoitekuituista paitaa, joka on mukava ja kuivuu suhteellisen nopeasti.<\/td><\/tr><tr><td>S\u00e4\u00e4rystimet<\/td><td>Saattaapi kaduttaa, jos j\u00e4\u00e4v\u00e4t matkasta. Usein tarpeen suolla tai m\u00e4r\u00e4ss\u00e4 varvikossa.<\/td><\/tr><tr><td>Softshell tms. takki<\/td><td>Kevyehk\u00f6 takki, joka suojaa kevyelt\u00e4 tuulelta. Ei liian l\u00e4mmin.<\/td><\/tr><tr><td>Kevytuntuvatakki<\/td><td>Taukotakiksi tai kylm\u00e4\u00e4n s\u00e4\u00e4h\u00e4n (syksy).<\/td><\/tr><tr><td>Kuoritakki<\/td><td>Tuulta, viimaa ja sadetta vastaan.<\/td><\/tr><tr><td>Ohut juoksutakki<\/td><td>Ei vie tilaa eik\u00e4 paina, mutta toisinaan juuri oikea.<\/td><\/tr><tr><td>Kuorihousut<\/td><td>Jotta jalatkin pysyisiv\u00e4t kuivana sateella tai m\u00e4r\u00e4ss\u00e4 aluskasvillisuudessa tarpoessa.<\/td><\/tr><tr><td>Ulkoiluhousut<\/td><td>Kes\u00e4ll\u00e4 katkolahjehousut ovat kivat, saa shortsit samaan rahaan. Kevyemm\u00e4t tai paksummat, kelin mukaan.<\/td><\/tr><tr><td>Fleece tai ohut villapaita<\/td><td>Itsell\u00e4ni k\u00e4yt\u00f6ss\u00e4 my\u00f6s aito ruotsalainen SA-int. poolo.<\/td><\/tr><tr><td>Vy\u00f6<\/td><td>Jos housut eiv\u00e4t muuten pysy jalassa.<\/td><\/tr><tr><td>Tuubihuiveja<\/td><td>Kolme kappaletta on hyv\u00e4, koska n\u00e4m\u00e4 my\u00f6s kastuu ja j\u00e4\u00e4 taskuihin py\u00f6rim\u00e4\u00e4n. T\u00e4rke\u00e4 suojaamaan kaulaa ja tuomaan l\u00e4mp\u00f6\u00e4.<\/td><\/tr><tr><td>Pipo<\/td><td>Etenkin syksyll\u00e4. Tunturissa tulee ja on usein kylm\u00e4.<\/td><\/tr><tr><td>Hanskat<\/td><td>Syksyll\u00e4 v\u00e4ltt\u00e4m\u00e4tt\u00f6m\u00e4t, kes\u00e4ll\u00e4kin usein tarpeen. Mieluiten kahdet, koska ne toiset kuitenkin jossain vaiheessa kastuvat.<\/td><\/tr><tr><td>Pinnoitetut ty\u00f6hanskat<\/td><td>T\u00e4llaiset kulutusta kest\u00e4v\u00e4t &#8221;grip&#8221;-hanskat ovat hyvi\u00e4 etenkin jos kiipeilee kivisi\u00e4 rinteit\u00e4. Suojaa k\u00e4si\u00e4.<\/td><\/tr><tr><td>Lippis tai muu hattu<\/td><td>Semmoinen lierihattu, jossa on integroitu hyttysverkko, on tosi k\u00e4tev\u00e4.<\/td><\/tr><tr><td>Aurinkolasit<\/td><td>Koska joskus p\u00e4iv\u00e4 paistaa vaelluksellakin.<\/td><\/tr><\/tbody><\/table><\/figure>\n\n\n\n<p><\/p>\n\n\n\n<p>&lt;&lt; <a href=\"https:\/\/www.alluharrastaa.com\/blog\/varusteet\/\">Takaisin varusteisiin<\/a><\/p>\n","protected":false},"excerpt":{"rendered":"<p>Jaan varusteet listassani kahteen ryhm\u00e4\u00e4n: varusteisiin ja vaatteisiin. Lis\u00e4ksi minulla on mukana aina kamera ja siihen erin\u00e4isi\u00e4 tarvikkeita. Varusteiden ohessa mukana on tietysti aina riitt\u00e4v\u00e4 m\u00e4\u00e4r\u00e4 sapuskaa. Varusten\u00e4k\u00f6kulmasta t\u00e4rke\u00e4\u00e4 on tietysti huomioida ruoan valmistukseen ja s\u00e4ilytt\u00e4miseen liittyv\u00e4t varusteet, kuten keitin ja sen polttoaine, vesiastiat ja kuivas\u00e4kit. Niin sanottu sulan maan vaeltaminen eroaa talvivaelluksesta etenkin siin\u00e4, [&hellip;]<\/p>\n","protected":false},"author":1,"featured_media":0,"parent":0,"menu_order":0,"comment_status":"closed","ping_status":"closed","template":"","meta":{"footnotes":""},"class_list":["post-262","page","type-page","status-publish","hentry"],"_links":{"self":[{"href":"https:\/\/www.alluharrastaa.com\/blog\/wp-json\/wp\/v2\/pages\/262","targetHints":{"allow":["GET"]}}],"collection":[{"href":"https:\/\/www.alluharrastaa.com\/blog\/wp-json\/wp\/v2\/pages"}],"about":[{"href":"https:\/\/www.alluharrastaa.com\/blog\/wp-json\/wp\/v2\/types\/page"}],"author":[{"embeddable":true,"href":"https:\/\/www.alluharrastaa.com\/blog\/wp-json\/wp\/v2\/users\/1"}],"replies":[{"embeddable":true,"href":"https:\/\/www.alluharrastaa.com\/blog\/wp-json\/wp\/v2\/comments?post=262"}],"version-history":[{"count":15,"href":"https:\/\/www.alluharrastaa.com\/blog\/wp-json\/wp\/v2\/pages\/262\/revisions"}],"predecessor-version":[{"id":421,"href":"https:\/\/www.alluharrastaa.com\/blog\/wp-json\/wp\/v2\/pages\/262\/revisions\/421"}],"wp:attachment":[{"href":"https:\/\/www.alluharrastaa.com\/blog\/wp-json\/wp\/v2\/media?parent=262"}],"curies":[{"name":"wp","href":"https:\/\/api.w.org\/{rel}","templated":true}]}}